{"id":12514,"date":"2025-09-05T11:51:31","date_gmt":"2025-09-05T11:51:31","guid":{"rendered":"https:\/\/guide.petloc8.com\/guia-de-aplicacao\/os-meus-animais-de-estimacao\/modo-de-poupanca-de-bateria\/"},"modified":"2026-03-19T10:49:09","modified_gmt":"2026-03-19T10:49:09","slug":"modo-de-poupanca-de-bateria","status":"publish","type":"page","link":"https:\/\/guide.petloc8.com\/pt-pt\/guia-de-aplicacao\/os-meus-animais-de-estimacao\/modo-de-poupanca-de-bateria\/","title":{"rendered":"Modo de poupan\u00e7a de bateria"},"content":{"rendered":"\t\t<div data-elementor-type=\"wp-page\" data-elementor-id=\"12514\" class=\"elementor elementor-12514 elementor-11531\">\n\t\t\t\t<div class=\"elementor-element elementor-element-f4a44b1 e-flex e-con-boxed e-con e-parent\" data-id=\"f4a44b1\" data-element_type=\"container\" data-e-type=\"container\">\n\t\t\t\t\t<div class=\"e-con-inner\">\n\t\t\t\t<div class=\"elementor-element elementor-element-ae23bb8 elementor-align-start prev_next  elementor-icon-list--layout-inline elementor-list-item-link-full_width elementor-widget elementor-widget-icon-list\" data-id=\"ae23bb8\" data-element_type=\"widget\" data-e-type=\"widget\" data-widget_type=\"icon-list.default\">\n\t\t\t\t<div class=\"elementor-widget-container\">\n\t\t\t\t\t\t\t<ul class=\"elementor-icon-list-items elementor-inline-items\">\n\t\t\t\t\t\t\t<li class=\"elementor-icon-list-item elementor-inline-item\">\n\t\t\t\t\t\t\t\t\t\t\t<a href=\"\/\">\n\n\t\t\t\t\t\t\t\t\t\t\t\t<span class=\"elementor-icon-list-icon\">\n\t\t\t\t\t\t\t<svg xmlns=\"http:\/\/www.w3.org\/2000\/svg\" width=\"24\" height=\"24\" viewBox=\"0 0 24 24\" fill=\"none\"><path d=\"M10.707 17.7929C11.0975 18.1834 11.0975 18.8166 10.707 19.2071C10.3165 19.5976 9.68327 19.5976 9.29274 19.2071L3.49985 13.4142C2.7188 12.6332 2.7188 11.3668 3.49985 10.5858L9.29274 4.79289C9.68327 4.40237 10.3165 4.40237 10.707 4.79289C11.0975 5.18342 11.0975 5.81658 10.707 6.20711L5.91407 11H19.9999C20.5522 11 20.9999 11.4477 20.9999 12C20.9999 12.5523 20.5522 13 19.9999 13H5.91406L10.707 17.7929Z\" fill=\"#192035\"><\/path><\/svg>\t\t\t\t\t\t<\/span>\n\t\t\t\t\t\t\t\t\t\t<span class=\"elementor-icon-list-text\"><h3>Guia \/<\/h3><\/span>\n\t\t\t\t\t\t\t\t\t\t\t<\/a>\n\t\t\t\t\t\t\t\t\t<\/li>\n\t\t\t\t\t\t\t\t<li class=\"elementor-icon-list-item elementor-inline-item\">\n\t\t\t\t\t\t\t\t\t\t\t<a href=\"https:\/\/guide.petloc8.com\/pt-pt\/guia-de-aplicacao\/\">\n\n\t\t\t\t\t\t\t\t\t\t\t<span class=\"elementor-icon-list-text\"><h3>&nbsp;Guia de aplica\u00e7\u00e3o<\/h3><\/span>\n\t\t\t\t\t\t\t\t\t\t\t<\/a>\n\t\t\t\t\t\t\t\t\t<\/li>\n\t\t\t\t\t\t<\/ul>\n\t\t\t\t\t\t<\/div>\n\t\t\t\t<\/div>\n\t\t\t\t<div class=\"elementor-element elementor-element-4d8f775 elementor-position-left elementor-vertical-align-middle green-icon-box elementor-widget elementor-widget-image-box\" data-id=\"4d8f775\" data-element_type=\"widget\" data-e-type=\"widget\" data-widget_type=\"image-box.default\">\n\t\t\t\t<div class=\"elementor-widget-container\">\n\t\t\t\t\t<div class=\"elementor-image-box-wrapper\"><figure class=\"elementor-image-box-img\"><img decoding=\"async\" width=\"115\" height=\"120\" src=\"https:\/\/guide.petloc8.com\/wp-content\/uploads\/2024\/12\/4x-bar-icon-4.png\" class=\"attachment-full size-full wp-image-4608\" alt=\"\" \/><\/figure><div class=\"elementor-image-box-content\"><h1 class=\"elementor-image-box-title\">Os meus animais de estima\u00e7\u00e3o<\/h1><\/div><\/div>\t\t\t\t<\/div>\n\t\t\t\t<\/div>\n\t\t\t\t<div class=\"elementor-element elementor-element-a6ca93e elementor-widget elementor-widget-heading\" data-id=\"a6ca93e\" data-element_type=\"widget\" data-e-type=\"widget\" data-widget_type=\"heading.default\">\n\t\t\t\t<div class=\"elementor-widget-container\">\n\t\t\t\t\t<h1 class=\"elementor-heading-title elementor-size-default\">Modo de poupan\u00e7a de bateria\n<\/h1>\t\t\t\t<\/div>\n\t\t\t\t<\/div>\n\t\t\t\t<div class=\"elementor-element elementor-element-5ac8ed0 elementor-widget elementor-widget-heading\" data-id=\"5ac8ed0\" data-element_type=\"widget\" data-e-type=\"widget\" data-widget_type=\"heading.default\">\n\t\t\t\t<div class=\"elementor-widget-container\">\n\t\t\t\t\t<h2 class=\"elementor-heading-title elementor-size-default\">Dete\u00e7\u00e3o autom\u00e1tica de Wi-Fi inteligente<\/h2>\t\t\t\t<\/div>\n\t\t\t\t<\/div>\n\t\t\t\t<div class=\"elementor-element elementor-element-8f47a23 elementor-widget elementor-widget-heading\" data-id=\"8f47a23\" data-element_type=\"widget\" data-e-type=\"widget\" data-widget_type=\"heading.default\">\n\t\t\t\t<div class=\"elementor-widget-container\">\n\t\t\t\t\t<h4 class=\"elementor-heading-title elementor-size-default\">Para poupar bateria, as actualiza\u00e7\u00f5es de localiza\u00e7\u00e3o s\u00e3o interrompidas quando o dispositivo est\u00e1 em casa com Wi-Fi e retomadas automaticamente quando est\u00e1 fora de alcance.<br><br>\n<b>Dete\u00e7\u00e3o autom\u00e1tica de Wi-Fi inteligente.<\/b><br>Quando o localizador est\u00e1 a carregar, procura o Wi-Fi da tua casa. Quando conhece o Wi-Fi, adia automaticamente quando o teu animal de estima\u00e7\u00e3o est\u00e1 em casa, interrompendo as actualiza\u00e7\u00f5es de localiza\u00e7\u00e3o e os alertas. Assim que o teu animal de estima\u00e7\u00e3o estiver fora de alcance, acorda e come\u00e7a a localizar novamente.  <br><br>\n<b>Totalmente autom\u00e1tico.<\/b><br>O Modo de poupan\u00e7a de bateria \u00e9 super inteligente. P\u00e1ra automaticamente quando o localizador sai da tua rede Wi-Fi dom\u00e9stica ou come\u00e7a a carregar. Se precisares de o parar mais cedo, basta lig\u00e1-lo \u00e0 corrente.  <br><br>\n\n<b>Por predefini\u00e7\u00e3o, quando o localizador \u00e9 adicionado, funciona no modo de poupan\u00e7a de bateria para prolongar a vida \u00fatil da bateria do localizador.<\/b>\nPodes sempre controlar este modo, se necess\u00e1rio, nas defini\u00e7\u00f5es do localizador.<br><br>\n<b>Liga\/desliga o modo de poupan\u00e7a de bateria<\/b><br><br>\nPara ativar ou desativar o modo no separador inferior, toca no \u00edcone Os meus animais de estima\u00e7\u00e3o.\n<\/h4>\t\t\t\t<\/div>\n\t\t\t\t<\/div>\n\t\t\t\t<div class=\"elementor-element elementor-element-e998b5e device_mobile_img elementor-widget elementor-widget-image\" data-id=\"e998b5e\" data-element_type=\"widget\" data-e-type=\"widget\" data-widget_type=\"image.default\">\n\t\t\t\t<div class=\"elementor-widget-container\">\n\t\t\t\t\t\t\t\t\t\t\t\t\t\t\t<img fetchpriority=\"high\" decoding=\"async\" width=\"782\" height=\"1600\" src=\"https:\/\/guide.petloc8.com\/wp-content\/uploads\/2025\/09\/phone.png\" class=\"attachment-full size-full wp-image-11551\" alt=\"\" srcset=\"https:\/\/guide.petloc8.com\/wp-content\/uploads\/2025\/09\/phone.png 782w, https:\/\/guide.petloc8.com\/wp-content\/uploads\/2025\/09\/phone-147x300.png 147w, https:\/\/guide.petloc8.com\/wp-content\/uploads\/2025\/09\/phone-500x1024.png 500w, https:\/\/guide.petloc8.com\/wp-content\/uploads\/2025\/09\/phone-768x1571.png 768w, https:\/\/guide.petloc8.com\/wp-content\/uploads\/2025\/09\/phone-751x1536.png 751w\" sizes=\"(max-width: 782px) 100vw, 782px\" \/>\t\t\t\t\t\t\t\t\t\t\t\t\t\t\t<\/div>\n\t\t\t\t<\/div>\n\t\t\t\t<div class=\"elementor-element elementor-element-94dba64 elementor-widget elementor-widget-heading\" data-id=\"94dba64\" data-element_type=\"widget\" data-e-type=\"widget\" data-widget_type=\"heading.default\">\n\t\t\t\t<div class=\"elementor-widget-container\">\n\t\t\t\t\t<h4 class=\"elementor-heading-title elementor-size-default\">Toca no localizador que pretendes mudar de modo.<\/h4>\t\t\t\t<\/div>\n\t\t\t\t<\/div>\n\t\t\t\t<div class=\"elementor-element elementor-element-9f97d2f device_mobile_img elementor-widget elementor-widget-image\" data-id=\"9f97d2f\" data-element_type=\"widget\" data-e-type=\"widget\" data-widget_type=\"image.default\">\n\t\t\t\t<div class=\"elementor-widget-container\">\n\t\t\t\t\t\t\t\t\t\t\t\t\t\t\t<img decoding=\"async\" width=\"782\" height=\"1600\" src=\"https:\/\/guide.petloc8.com\/wp-content\/uploads\/2025\/09\/phone-1.png\" class=\"attachment-full size-full wp-image-11560\" alt=\"\" srcset=\"https:\/\/guide.petloc8.com\/wp-content\/uploads\/2025\/09\/phone-1.png 782w, https:\/\/guide.petloc8.com\/wp-content\/uploads\/2025\/09\/phone-1-147x300.png 147w, https:\/\/guide.petloc8.com\/wp-content\/uploads\/2025\/09\/phone-1-500x1024.png 500w, https:\/\/guide.petloc8.com\/wp-content\/uploads\/2025\/09\/phone-1-768x1571.png 768w, https:\/\/guide.petloc8.com\/wp-content\/uploads\/2025\/09\/phone-1-751x1536.png 751w\" sizes=\"(max-width: 782px) 100vw, 782px\" \/>\t\t\t\t\t\t\t\t\t\t\t\t\t\t\t<\/div>\n\t\t\t\t<\/div>\n\t\t\t\t<div class=\"elementor-element elementor-element-5dccb81 elementor-widget elementor-widget-heading\" data-id=\"5dccb81\" data-element_type=\"widget\" data-e-type=\"widget\" data-widget_type=\"heading.default\">\n\t\t\t\t<div class=\"elementor-widget-container\">\n\t\t\t\t\t<h4 class=\"elementor-heading-title elementor-size-default\">Toca no \u00edcone de seta no estado atual do dispositivo.<\/h4>\t\t\t\t<\/div>\n\t\t\t\t<\/div>\n\t\t\t\t<div class=\"elementor-element elementor-element-921ae82 device_mobile_img elementor-widget elementor-widget-image\" data-id=\"921ae82\" data-element_type=\"widget\" data-e-type=\"widget\" data-widget_type=\"image.default\">\n\t\t\t\t<div class=\"elementor-widget-container\">\n\t\t\t\t\t\t\t\t\t\t\t\t\t\t\t<img loading=\"lazy\" decoding=\"async\" width=\"782\" height=\"1600\" src=\"https:\/\/guide.petloc8.com\/wp-content\/uploads\/2025\/02\/modes-3.png\" class=\"attachment-full size-full wp-image-9442\" alt=\"\" srcset=\"https:\/\/guide.petloc8.com\/wp-content\/uploads\/2025\/02\/modes-3.png 782w, https:\/\/guide.petloc8.com\/wp-content\/uploads\/2025\/02\/modes-3-147x300.png 147w, https:\/\/guide.petloc8.com\/wp-content\/uploads\/2025\/02\/modes-3-500x1024.png 500w, https:\/\/guide.petloc8.com\/wp-content\/uploads\/2025\/02\/modes-3-768x1571.png 768w, https:\/\/guide.petloc8.com\/wp-content\/uploads\/2025\/02\/modes-3-751x1536.png 751w\" sizes=\"(max-width: 782px) 100vw, 782px\" \/>\t\t\t\t\t\t\t\t\t\t\t\t\t\t\t<\/div>\n\t\t\t\t<\/div>\n\t\t\t\t<div class=\"elementor-element elementor-element-6fe2ab8 elementor-widget elementor-widget-heading\" data-id=\"6fe2ab8\" data-element_type=\"widget\" data-e-type=\"widget\" data-widget_type=\"heading.default\">\n\t\t\t\t<div class=\"elementor-widget-container\">\n\t\t\t\t\t<h4 class=\"elementor-heading-title elementor-size-default\">Liga\/desliga o bot\u00e3o de altern\u00e2ncia junto ao modo de poupan\u00e7a de bateria.<\/h4>\t\t\t\t<\/div>\n\t\t\t\t<\/div>\n\t\t\t\t<div class=\"elementor-element elementor-element-aa8ed77 device_mobile_img elementor-widget elementor-widget-image\" data-id=\"aa8ed77\" data-element_type=\"widget\" data-e-type=\"widget\" data-widget_type=\"image.default\">\n\t\t\t\t<div class=\"elementor-widget-container\">\n\t\t\t\t\t\t\t\t\t\t\t\t\t\t\t<img loading=\"lazy\" decoding=\"async\" width=\"782\" height=\"1600\" src=\"https:\/\/guide.petloc8.com\/wp-content\/uploads\/2025\/06\/mode_my_pets_4.png\" class=\"attachment-full size-full wp-image-11471\" alt=\"\" srcset=\"https:\/\/guide.petloc8.com\/wp-content\/uploads\/2025\/06\/mode_my_pets_4.png 782w, https:\/\/guide.petloc8.com\/wp-content\/uploads\/2025\/06\/mode_my_pets_4-147x300.png 147w, https:\/\/guide.petloc8.com\/wp-content\/uploads\/2025\/06\/mode_my_pets_4-500x1024.png 500w, https:\/\/guide.petloc8.com\/wp-content\/uploads\/2025\/06\/mode_my_pets_4-768x1571.png 768w, https:\/\/guide.petloc8.com\/wp-content\/uploads\/2025\/06\/mode_my_pets_4-751x1536.png 751w\" sizes=\"(max-width: 782px) 100vw, 782px\" \/>\t\t\t\t\t\t\t\t\t\t\t\t\t\t\t<\/div>\n\t\t\t\t<\/div>\n\t\t\t\t<div class=\"elementor-element elementor-element-31ab308 elementor-widget elementor-widget-heading\" data-id=\"31ab308\" data-element_type=\"widget\" data-e-type=\"widget\" data-widget_type=\"heading.default\">\n\t\t\t\t<div class=\"elementor-widget-container\">\n\t\t\t\t\t<h4 class=\"elementor-heading-title elementor-size-default\"><b>Liga.<\/b><br><br>Depois de ativar o modo, deixa o teu localizador carregar. Fica atento \u00e0 tua liga\u00e7\u00e3o Wi-Fi durante 5 minutos durante o carregamento. Se encontrar o mesmo Wi-Fi duas vezes, lembra-se dele para o modo de poupan\u00e7a de bateria.  <br><br>\nAgora, os alertas e as actualiza\u00e7\u00f5es de localiza\u00e7\u00e3o param e poupam bateria sempre que o dispositivo do teu animal de estima\u00e7\u00e3o estiver ao alcance da tua rede Wi-Fi habitual. Quando sair da \u00e1rea Wi-Fi, volta tudo ao normal. <br><br>\nQuando o modo de poupan\u00e7a de bateria est\u00e1 ativado, o \u00edcone \u26a1\ufe0fis no pino do localizador.\nTamb\u00e9m podes ver que tipo de liga\u00e7\u00e3o o localizador est\u00e1 a utilizar atualmente, gra\u00e7as ao \u00edcone junto \u00e0 hora da \u00faltima atualiza\u00e7\u00e3o na parte superior do pino do localizador.<br><\/h4>\t\t\t\t<\/div>\n\t\t\t\t<\/div>\n\t\t\t\t<div class=\"elementor-element elementor-element-3ded4c3 device_mobile_img elementor-widget elementor-widget-image\" data-id=\"3ded4c3\" data-element_type=\"widget\" data-e-type=\"widget\" data-widget_type=\"image.default\">\n\t\t\t\t<div class=\"elementor-widget-container\">\n\t\t\t\t\t\t\t\t\t\t\t\t\t\t\t<img loading=\"lazy\" decoding=\"async\" width=\"782\" height=\"1600\" src=\"https:\/\/guide.petloc8.com\/wp-content\/uploads\/2025\/09\/phone-2.png\" class=\"attachment-full size-full wp-image-11571\" alt=\"\" srcset=\"https:\/\/guide.petloc8.com\/wp-content\/uploads\/2025\/09\/phone-2.png 782w, https:\/\/guide.petloc8.com\/wp-content\/uploads\/2025\/09\/phone-2-147x300.png 147w, https:\/\/guide.petloc8.com\/wp-content\/uploads\/2025\/09\/phone-2-500x1024.png 500w, https:\/\/guide.petloc8.com\/wp-content\/uploads\/2025\/09\/phone-2-768x1571.png 768w, https:\/\/guide.petloc8.com\/wp-content\/uploads\/2025\/09\/phone-2-751x1536.png 751w\" sizes=\"(max-width: 782px) 100vw, 782px\" \/>\t\t\t\t\t\t\t\t\t\t\t\t\t\t\t<\/div>\n\t\t\t\t<\/div>\n\t\t\t\t<div class=\"elementor-element elementor-element-41a79a7 elementor-widget elementor-widget-heading\" data-id=\"41a79a7\" data-element_type=\"widget\" data-e-type=\"widget\" data-widget_type=\"heading.default\">\n\t\t\t\t<div class=\"elementor-widget-container\">\n\t\t\t\t\t<h4 class=\"elementor-heading-title elementor-size-default\"><b>Desliga.<\/b><br><br>\n<b>Tem em aten\u00e7\u00e3o que o modo de poupan\u00e7a de bateria se desliga automaticamente quando o dispositivo est\u00e1 fora do alcance da rede Wi-Fi dom\u00e9stica ou em carga. Para o desativar instantaneamente, basta ligar o dispositivo ao carregador. <\/b><br><br>\nPara desativar o modo de poupan\u00e7a de bateria manualmente, tens de acordar o dispositivo do teu animal de estima\u00e7\u00e3o. Mant\u00e9m premido o bot\u00e3o de alimenta\u00e7\u00e3o durante cerca de 4 segundos, at\u00e9 veres uma luz verde a piscar rapidamente. <br><\/h4>\t\t\t\t<\/div>\n\t\t\t\t<\/div>\n\t\t<div class=\"elementor-element elementor-element-5016802 e-grid e-con-full prev_next  e-con e-child\" data-id=\"5016802\" data-element_type=\"container\" data-e-type=\"container\">\n\t\t\t\t<div class=\"elementor-element elementor-element-2629d33 elementor-align-start elementor-icon-list--layout-traditional elementor-list-item-link-full_width elementor-widget elementor-widget-icon-list\" data-id=\"2629d33\" data-element_type=\"widget\" data-e-type=\"widget\" data-widget_type=\"icon-list.default\">\n\t\t\t\t<div class=\"elementor-widget-container\">\n\t\t\t\t\t\t\t<ul class=\"elementor-icon-list-items\">\n\t\t\t\t\t\t\t<li class=\"elementor-icon-list-item\">\n\t\t\t\t\t\t\t\t\t\t\t<a href=\"https:\/\/guide.petloc8.com\/pt-pt\/guia-de-aplicacao\/os-meus-animais-de-estimacao\/modo-e-estados\/\">\n\n\t\t\t\t\t\t\t\t\t\t\t\t<span class=\"elementor-icon-list-icon\">\n\t\t\t\t\t\t\t<svg xmlns=\"http:\/\/www.w3.org\/2000\/svg\" width=\"24\" height=\"24\" viewBox=\"0 0 24 24\" fill=\"none\"><path d=\"M10.707 17.7929C11.0975 18.1834 11.0975 18.8166 10.707 19.2071C10.3165 19.5976 9.68327 19.5976 9.29274 19.2071L3.49985 13.4142C2.7188 12.6332 2.7188 11.3668 3.49985 10.5858L9.29274 4.79289C9.68327 4.40237 10.3165 4.40237 10.707 4.79289C11.0975 5.18342 11.0975 5.81658 10.707 6.20711L5.91407 11H19.9999C20.5522 11 20.9999 11.4477 20.9999 12C20.9999 12.5523 20.5522 13 19.9999 13H5.91406L10.707 17.7929Z\" fill=\"#192035\"><\/path><\/svg>\t\t\t\t\t\t<\/span>\n\t\t\t\t\t\t\t\t\t\t<span class=\"elementor-icon-list-text\"><h3>Modos e est\u00e1gios...<\/h3><\/span>\n\t\t\t\t\t\t\t\t\t\t\t<\/a>\n\t\t\t\t\t\t\t\t\t<\/li>\n\t\t\t\t\t\t<\/ul>\n\t\t\t\t\t\t<\/div>\n\t\t\t\t<\/div>\n\t\t\t\t<div class=\"elementor-element elementor-element-cb73a57 elementor-align-start next-page elementor-icon-list--layout-traditional elementor-list-item-link-full_width elementor-widget elementor-widget-icon-list\" data-id=\"cb73a57\" data-element_type=\"widget\" data-e-type=\"widget\" data-widget_type=\"icon-list.default\">\n\t\t\t\t<div class=\"elementor-widget-container\">\n\t\t\t\t\t\t\t<ul class=\"elementor-icon-list-items\">\n\t\t\t\t\t\t\t<li class=\"elementor-icon-list-item\">\n\t\t\t\t\t\t\t\t\t\t\t<a href=\"https:\/\/guide.petloc8.com\/pt-pt\/guia-de-aplicacao\/os-meus-animais-de-estimacao\/bluetooth-e-permissoes\/\">\n\n\t\t\t\t\t\t\t\t\t\t\t\t<span class=\"elementor-icon-list-icon\">\n\t\t\t\t\t\t\t<svg xmlns=\"http:\/\/www.w3.org\/2000\/svg\" width=\"24\" height=\"24\" viewBox=\"0 0 24 24\" fill=\"none\"><path d=\"M13.2071 17.7929C12.8166 18.1834 12.8166 18.8166 13.2071 19.2071C13.5976 19.5976 14.2308 19.5976 14.6213 19.2071L20.4142 13.4142C21.1953 12.6332 21.1953 11.3668 20.4142 10.5858L14.6213 4.79289C14.2308 4.40237 13.5976 4.40237 13.2071 4.79289C12.8166 5.18342 12.8166 5.81658 13.2071 6.20711L18 11H3.91418C3.36188 11 2.91418 11.4477 2.91418 12C2.91418 12.5523 3.36188 13 3.91418 13H18L13.2071 17.7929Z\" fill=\"#192035\"><\/path><\/svg>\t\t\t\t\t\t<\/span>\n\t\t\t\t\t\t\t\t\t\t<span class=\"elementor-icon-list-text\"><h3>Bluetooth e...<\/h3><\/span>\n\t\t\t\t\t\t\t\t\t\t\t<\/a>\n\t\t\t\t\t\t\t\t\t<\/li>\n\t\t\t\t\t\t<\/ul>\n\t\t\t\t\t\t<\/div>\n\t\t\t\t<\/div>\n\t\t\t\t<\/div>\n\t\t\t\t\t<\/div>\n\t\t\t\t<\/div>\n\t\t\t\t<\/div>\n\t\t","protected":false},"excerpt":{"rendered":"<p>Guia \/ &nbsp;Guia de aplica\u00e7\u00e3o Os meus animais de estima\u00e7\u00e3o Modo de poupan\u00e7a de bateria Dete\u00e7\u00e3o autom\u00e1tica de Wi-Fi inteligente Para poupar bateria, as actualiza\u00e7\u00f5es de localiza\u00e7\u00e3o s\u00e3o interrompidas quando o dispositivo est\u00e1 em casa com Wi-Fi e retomadas automaticamente quando est\u00e1 fora de alcance. Dete\u00e7\u00e3o autom\u00e1tica de Wi-Fi inteligente.Quando o localizador est\u00e1 a carregar, [&hellip;]<\/p>\n","protected":false},"author":2,"featured_media":0,"parent":10246,"menu_order":0,"comment_status":"closed","ping_status":"closed","template":"","meta":{"_acf_changed":false,"footnotes":""},"class_list":["post-12514","page","type-page","status-publish","hentry"],"acf":[],"_links":{"self":[{"href":"https:\/\/guide.petloc8.com\/pt-pt\/wp-json\/wp\/v2\/pages\/12514","targetHints":{"allow":["GET"]}}],"collection":[{"href":"https:\/\/guide.petloc8.com\/pt-pt\/wp-json\/wp\/v2\/pages"}],"about":[{"href":"https:\/\/guide.petloc8.com\/pt-pt\/wp-json\/wp\/v2\/types\/page"}],"author":[{"embeddable":true,"href":"https:\/\/guide.petloc8.com\/pt-pt\/wp-json\/wp\/v2\/users\/2"}],"replies":[{"embeddable":true,"href":"https:\/\/guide.petloc8.com\/pt-pt\/wp-json\/wp\/v2\/comments?post=12514"}],"version-history":[{"count":1,"href":"https:\/\/guide.petloc8.com\/pt-pt\/wp-json\/wp\/v2\/pages\/12514\/revisions"}],"predecessor-version":[{"id":12515,"href":"https:\/\/guide.petloc8.com\/pt-pt\/wp-json\/wp\/v2\/pages\/12514\/revisions\/12515"}],"up":[{"embeddable":true,"href":"https:\/\/guide.petloc8.com\/pt-pt\/wp-json\/wp\/v2\/pages\/10246"}],"wp:attachment":[{"href":"https:\/\/guide.petloc8.com\/pt-pt\/wp-json\/wp\/v2\/media?parent=12514"}],"curies":[{"name":"wp","href":"https:\/\/api.w.org\/{rel}","templated":true}]}}