{"id":10303,"date":"2025-02-05T12:54:30","date_gmt":"2025-02-05T12:54:30","guid":{"rendered":"https:\/\/guide.petloc8.com\/os-meus-animais-de-estimacao\/direccoes\/"},"modified":"2025-05-09T04:37:02","modified_gmt":"2025-05-09T04:37:02","slug":"direccoes","status":"publish","type":"page","link":"https:\/\/guide.petloc8.com\/pt-pt\/guia-de-aplicacao\/os-meus-animais-de-estimacao\/direccoes\/","title":{"rendered":"Direc\u00e7\u00f5es"},"content":{"rendered":"\t\t<div data-elementor-type=\"wp-page\" data-elementor-id=\"10303\" class=\"elementor elementor-10303 elementor-5931\">\n\t\t\t\t<div class=\"elementor-element elementor-element-f4a44b1 e-flex e-con-boxed e-con e-parent\" data-id=\"f4a44b1\" data-element_type=\"container\" data-e-type=\"container\">\n\t\t\t\t\t<div class=\"e-con-inner\">\n\t\t\t\t<div class=\"elementor-element elementor-element-ae23bb8 elementor-align-start prev_next  elementor-icon-list--layout-inline elementor-list-item-link-full_width elementor-widget elementor-widget-icon-list\" data-id=\"ae23bb8\" data-element_type=\"widget\" data-e-type=\"widget\" data-widget_type=\"icon-list.default\">\n\t\t\t\t<div class=\"elementor-widget-container\">\n\t\t\t\t\t\t\t<ul class=\"elementor-icon-list-items elementor-inline-items\">\n\t\t\t\t\t\t\t<li class=\"elementor-icon-list-item elementor-inline-item\">\n\t\t\t\t\t\t\t\t\t\t\t<a href=\"\/\">\n\n\t\t\t\t\t\t\t\t\t\t\t\t<span class=\"elementor-icon-list-icon\">\n\t\t\t\t\t\t\t<svg xmlns=\"http:\/\/www.w3.org\/2000\/svg\" width=\"24\" height=\"24\" viewBox=\"0 0 24 24\" fill=\"none\"><path d=\"M10.707 17.7929C11.0975 18.1834 11.0975 18.8166 10.707 19.2071C10.3165 19.5976 9.68327 19.5976 9.29274 19.2071L3.49985 13.4142C2.7188 12.6332 2.7188 11.3668 3.49985 10.5858L9.29274 4.79289C9.68327 4.40237 10.3165 4.40237 10.707 4.79289C11.0975 5.18342 11.0975 5.81658 10.707 6.20711L5.91407 11H19.9999C20.5522 11 20.9999 11.4477 20.9999 12C20.9999 12.5523 20.5522 13 19.9999 13H5.91406L10.707 17.7929Z\" fill=\"#192035\"><\/path><\/svg>\t\t\t\t\t\t<\/span>\n\t\t\t\t\t\t\t\t\t\t<span class=\"elementor-icon-list-text\"><h3>Guia \/<\/h3><\/span>\n\t\t\t\t\t\t\t\t\t\t\t<\/a>\n\t\t\t\t\t\t\t\t\t<\/li>\n\t\t\t\t\t\t\t\t<li class=\"elementor-icon-list-item elementor-inline-item\">\n\t\t\t\t\t\t\t\t\t\t\t<a href=\"https:\/\/guide.petloc8.com\/application-guide\/\">\n\n\t\t\t\t\t\t\t\t\t\t\t<span class=\"elementor-icon-list-text\"><h3>&nbsp;Guia de aplica\u00e7\u00e3o<\/h3><\/span>\n\t\t\t\t\t\t\t\t\t\t\t<\/a>\n\t\t\t\t\t\t\t\t\t<\/li>\n\t\t\t\t\t\t<\/ul>\n\t\t\t\t\t\t<\/div>\n\t\t\t\t<\/div>\n\t\t\t\t<div class=\"elementor-element elementor-element-4d8f775 elementor-position-left elementor-vertical-align-middle green-icon-box elementor-widget elementor-widget-image-box\" data-id=\"4d8f775\" data-element_type=\"widget\" data-e-type=\"widget\" data-widget_type=\"image-box.default\">\n\t\t\t\t<div class=\"elementor-widget-container\">\n\t\t\t\t\t<div class=\"elementor-image-box-wrapper\"><figure class=\"elementor-image-box-img\"><img decoding=\"async\" width=\"115\" height=\"120\" src=\"https:\/\/guide.petloc8.com\/wp-content\/uploads\/2024\/12\/4x-bar-icon-4.png\" class=\"attachment-full size-full wp-image-8232\" alt=\"\" \/><\/figure><div class=\"elementor-image-box-content\"><h1 class=\"elementor-image-box-title\">Os meus animais de estima\u00e7\u00e3o<\/h1><\/div><\/div>\t\t\t\t<\/div>\n\t\t\t\t<\/div>\n\t\t\t\t<div class=\"elementor-element elementor-element-a6ca93e elementor-widget elementor-widget-heading\" data-id=\"a6ca93e\" data-element_type=\"widget\" data-e-type=\"widget\" data-widget_type=\"heading.default\">\n\t\t\t\t<div class=\"elementor-widget-container\">\n\t\t\t\t\t<h1 class=\"elementor-heading-title elementor-size-default\">Direc\u00e7\u00f5es<\/h1>\t\t\t\t<\/div>\n\t\t\t\t<\/div>\n\t\t\t\t<div class=\"elementor-element elementor-element-8f47a23 elementor-widget elementor-widget-heading\" data-id=\"8f47a23\" data-element_type=\"widget\" data-e-type=\"widget\" data-widget_type=\"heading.default\">\n\t\t\t\t<div class=\"elementor-widget-container\">\n\t\t\t\t\t<h4 class=\"elementor-heading-title elementor-size-default\">Permite-te obter o percurso at\u00e9 ao teu localizador atrav\u00e9s de mapas de aplica\u00e7\u00f5es de terceiros.<br><br>No separador inferior, toca no \u00edcone Os meus animais de estima\u00e7\u00e3o.<\/h4>\t\t\t\t<\/div>\n\t\t\t\t<\/div>\n\t\t\t\t<div class=\"elementor-element elementor-element-e998b5e device_mobile_img elementor-widget elementor-widget-image\" data-id=\"e998b5e\" data-element_type=\"widget\" data-e-type=\"widget\" data-widget_type=\"image.default\">\n\t\t\t\t<div class=\"elementor-widget-container\">\n\t\t\t\t\t\t\t\t\t\t\t\t\t\t\t<img fetchpriority=\"high\" decoding=\"async\" width=\"782\" height=\"1600\" src=\"https:\/\/guide.petloc8.com\/wp-content\/uploads\/2025\/02\/direction-1.png\" class=\"attachment-full size-full wp-image-9332\" alt=\"\" srcset=\"https:\/\/guide.petloc8.com\/wp-content\/uploads\/2025\/02\/direction-1.png 782w, https:\/\/guide.petloc8.com\/wp-content\/uploads\/2025\/02\/direction-1-147x300.png 147w, https:\/\/guide.petloc8.com\/wp-content\/uploads\/2025\/02\/direction-1-500x1024.png 500w, https:\/\/guide.petloc8.com\/wp-content\/uploads\/2025\/02\/direction-1-768x1571.png 768w, https:\/\/guide.petloc8.com\/wp-content\/uploads\/2025\/02\/direction-1-751x1536.png 751w\" sizes=\"(max-width: 782px) 100vw, 782px\" \/>\t\t\t\t\t\t\t\t\t\t\t\t\t\t\t<\/div>\n\t\t\t\t<\/div>\n\t\t\t\t<div class=\"elementor-element elementor-element-94dba64 elementor-widget elementor-widget-heading\" data-id=\"94dba64\" data-element_type=\"widget\" data-e-type=\"widget\" data-widget_type=\"heading.default\">\n\t\t\t\t<div class=\"elementor-widget-container\">\n\t\t\t\t\t<h4 class=\"elementor-heading-title elementor-size-default\">Toca no localizador para o qual pretendes obter o percurso.<\/h4>\t\t\t\t<\/div>\n\t\t\t\t<\/div>\n\t\t\t\t<div class=\"elementor-element elementor-element-9f97d2f device_mobile_img elementor-widget elementor-widget-image\" data-id=\"9f97d2f\" data-element_type=\"widget\" data-e-type=\"widget\" data-widget_type=\"image.default\">\n\t\t\t\t<div class=\"elementor-widget-container\">\n\t\t\t\t\t\t\t\t\t\t\t\t\t\t\t<img decoding=\"async\" width=\"782\" height=\"1600\" src=\"https:\/\/guide.petloc8.com\/wp-content\/uploads\/2025\/02\/direction-2.png\" class=\"attachment-full size-full wp-image-9337\" alt=\"\" srcset=\"https:\/\/guide.petloc8.com\/wp-content\/uploads\/2025\/02\/direction-2.png 782w, https:\/\/guide.petloc8.com\/wp-content\/uploads\/2025\/02\/direction-2-147x300.png 147w, https:\/\/guide.petloc8.com\/wp-content\/uploads\/2025\/02\/direction-2-500x1024.png 500w, https:\/\/guide.petloc8.com\/wp-content\/uploads\/2025\/02\/direction-2-768x1571.png 768w, https:\/\/guide.petloc8.com\/wp-content\/uploads\/2025\/02\/direction-2-751x1536.png 751w\" sizes=\"(max-width: 782px) 100vw, 782px\" \/>\t\t\t\t\t\t\t\t\t\t\t\t\t\t\t<\/div>\n\t\t\t\t<\/div>\n\t\t\t\t<div class=\"elementor-element elementor-element-5dccb81 elementor-widget elementor-widget-heading\" data-id=\"5dccb81\" data-element_type=\"widget\" data-e-type=\"widget\" data-widget_type=\"heading.default\">\n\t\t\t\t<div class=\"elementor-widget-container\">\n\t\t\t\t\t<h4 class=\"elementor-heading-title elementor-size-default\">Toca no bot\u00e3o Direc\u00e7\u00f5es.<\/h4>\t\t\t\t<\/div>\n\t\t\t\t<\/div>\n\t\t\t\t<div class=\"elementor-element elementor-element-921ae82 device_mobile_img elementor-widget elementor-widget-image\" data-id=\"921ae82\" data-element_type=\"widget\" data-e-type=\"widget\" data-widget_type=\"image.default\">\n\t\t\t\t<div class=\"elementor-widget-container\">\n\t\t\t\t\t\t\t\t\t\t\t\t\t\t\t<img loading=\"lazy\" decoding=\"async\" width=\"782\" height=\"1600\" src=\"https:\/\/guide.petloc8.com\/wp-content\/uploads\/2025\/02\/direction-3.png\" class=\"attachment-full size-full wp-image-9342\" alt=\"\" srcset=\"https:\/\/guide.petloc8.com\/wp-content\/uploads\/2025\/02\/direction-3.png 782w, https:\/\/guide.petloc8.com\/wp-content\/uploads\/2025\/02\/direction-3-147x300.png 147w, https:\/\/guide.petloc8.com\/wp-content\/uploads\/2025\/02\/direction-3-500x1024.png 500w, https:\/\/guide.petloc8.com\/wp-content\/uploads\/2025\/02\/direction-3-768x1571.png 768w, https:\/\/guide.petloc8.com\/wp-content\/uploads\/2025\/02\/direction-3-751x1536.png 751w\" sizes=\"(max-width: 782px) 100vw, 782px\" \/>\t\t\t\t\t\t\t\t\t\t\t\t\t\t\t<\/div>\n\t\t\t\t<\/div>\n\t\t\t\t<div class=\"elementor-element elementor-element-6fe2ab8 elementor-widget elementor-widget-heading\" data-id=\"6fe2ab8\" data-element_type=\"widget\" data-e-type=\"widget\" data-widget_type=\"heading.default\">\n\t\t\t\t<div class=\"elementor-widget-container\">\n\t\t\t\t\t<h4 class=\"elementor-heading-title elementor-size-default\">Seleciona a aplica\u00e7\u00e3o atrav\u00e9s da qual gostarias de acompanhar o teu percurso.<\/h4>\t\t\t\t<\/div>\n\t\t\t\t<\/div>\n\t\t\t\t<div class=\"elementor-element elementor-element-aa8ed77 device_mobile_img elementor-widget elementor-widget-image\" data-id=\"aa8ed77\" data-element_type=\"widget\" data-e-type=\"widget\" data-widget_type=\"image.default\">\n\t\t\t\t<div class=\"elementor-widget-container\">\n\t\t\t\t\t\t\t\t\t\t\t\t\t\t\t<img loading=\"lazy\" decoding=\"async\" width=\"782\" height=\"1600\" src=\"https:\/\/guide.petloc8.com\/wp-content\/uploads\/2025\/02\/direction-4.png\" class=\"attachment-full size-full wp-image-9347\" alt=\"\" srcset=\"https:\/\/guide.petloc8.com\/wp-content\/uploads\/2025\/02\/direction-4.png 782w, https:\/\/guide.petloc8.com\/wp-content\/uploads\/2025\/02\/direction-4-147x300.png 147w, https:\/\/guide.petloc8.com\/wp-content\/uploads\/2025\/02\/direction-4-500x1024.png 500w, https:\/\/guide.petloc8.com\/wp-content\/uploads\/2025\/02\/direction-4-768x1571.png 768w, https:\/\/guide.petloc8.com\/wp-content\/uploads\/2025\/02\/direction-4-751x1536.png 751w\" sizes=\"(max-width: 782px) 100vw, 782px\" \/>\t\t\t\t\t\t\t\t\t\t\t\t\t\t\t<\/div>\n\t\t\t\t<\/div>\n\t\t<div class=\"elementor-element elementor-element-5016802 e-grid e-con-full prev_next  e-con e-child\" data-id=\"5016802\" data-element_type=\"container\" data-e-type=\"container\">\n\t\t\t\t<div class=\"elementor-element elementor-element-2629d33 elementor-align-start elementor-icon-list--layout-traditional elementor-list-item-link-full_width elementor-widget elementor-widget-icon-list\" data-id=\"2629d33\" data-element_type=\"widget\" data-e-type=\"widget\" data-widget_type=\"icon-list.default\">\n\t\t\t\t<div class=\"elementor-widget-container\">\n\t\t\t\t\t\t\t<ul class=\"elementor-icon-list-items\">\n\t\t\t\t\t\t\t<li class=\"elementor-icon-list-item\">\n\t\t\t\t\t\t\t\t\t\t\t<a href=\"https:\/\/guide.petloc8.com\/pt-pt\/?page_id=10304\">\n\n\t\t\t\t\t\t\t\t\t\t\t\t<span class=\"elementor-icon-list-icon\">\n\t\t\t\t\t\t\t<svg xmlns=\"http:\/\/www.w3.org\/2000\/svg\" width=\"24\" height=\"24\" viewBox=\"0 0 24 24\" fill=\"none\"><path d=\"M10.707 17.7929C11.0975 18.1834 11.0975 18.8166 10.707 19.2071C10.3165 19.5976 9.68327 19.5976 9.29274 19.2071L3.49985 13.4142C2.7188 12.6332 2.7188 11.3668 3.49985 10.5858L9.29274 4.79289C9.68327 4.40237 10.3165 4.40237 10.707 4.79289C11.0975 5.18342 11.0975 5.81658 10.707 6.20711L5.91407 11H19.9999C20.5522 11 20.9999 11.4477 20.9999 12C20.9999 12.5523 20.5522 13 19.9999 13H5.91406L10.707 17.7929Z\" fill=\"#192035\"><\/path><\/svg>\t\t\t\t\t\t<\/span>\n\t\t\t\t\t\t\t\t\t\t<span class=\"elementor-icon-list-text\"><h3>Partilhar localiza\u00e7\u00e3o<\/h3><\/span>\n\t\t\t\t\t\t\t\t\t\t\t<\/a>\n\t\t\t\t\t\t\t\t\t<\/li>\n\t\t\t\t\t\t<\/ul>\n\t\t\t\t\t\t<\/div>\n\t\t\t\t<\/div>\n\t\t\t\t<div class=\"elementor-element elementor-element-cb73a57 elementor-align-start next-page elementor-icon-list--layout-traditional elementor-list-item-link-full_width elementor-widget elementor-widget-icon-list\" data-id=\"cb73a57\" data-element_type=\"widget\" data-e-type=\"widget\" data-widget_type=\"icon-list.default\">\n\t\t\t\t<div class=\"elementor-widget-container\">\n\t\t\t\t\t\t\t<ul class=\"elementor-icon-list-items\">\n\t\t\t\t\t\t\t<li class=\"elementor-icon-list-item\">\n\t\t\t\t\t\t\t\t\t\t\t<a href=\"https:\/\/guide.petloc8.com\/pt-pt\/?page_id=10272\">\n\n\t\t\t\t\t\t\t\t\t\t\t\t<span class=\"elementor-icon-list-icon\">\n\t\t\t\t\t\t\t<svg xmlns=\"http:\/\/www.w3.org\/2000\/svg\" width=\"24\" height=\"24\" viewBox=\"0 0 24 24\" fill=\"none\"><path d=\"M13.2071 17.7929C12.8166 18.1834 12.8166 18.8166 13.2071 19.2071C13.5976 19.5976 14.2308 19.5976 14.6213 19.2071L20.4142 13.4142C21.1953 12.6332 21.1953 11.3668 20.4142 10.5858L14.6213 4.79289C14.2308 4.40237 13.5976 4.40237 13.2071 4.79289C12.8166 5.18342 12.8166 5.81658 13.2071 6.20711L18 11H3.91418C3.36188 11 2.91418 11.4477 2.91418 12C2.91418 12.5523 3.36188 13 3.91418 13H18L13.2071 17.7929Z\" fill=\"#192035\"><\/path><\/svg>\t\t\t\t\t\t<\/span>\n\t\t\t\t\t\t\t\t\t\t<span class=\"elementor-icon-list-text\"><h3>Hist\u00f3ria<\/h3><\/span>\n\t\t\t\t\t\t\t\t\t\t\t<\/a>\n\t\t\t\t\t\t\t\t\t<\/li>\n\t\t\t\t\t\t<\/ul>\n\t\t\t\t\t\t<\/div>\n\t\t\t\t<\/div>\n\t\t\t\t<\/div>\n\t\t\t\t\t<\/div>\n\t\t\t\t<\/div>\n\t\t\t\t<\/div>\n\t\t","protected":false},"excerpt":{"rendered":"<p>Guia \/ &nbsp;Guia de aplica\u00e7\u00e3o Os meus animais de estima\u00e7\u00e3o Direc\u00e7\u00f5es Permite-te obter o percurso at\u00e9 ao teu localizador atrav\u00e9s de mapas de aplica\u00e7\u00f5es de terceiros. No separador inferior, toca no \u00edcone Os meus animais de estima\u00e7\u00e3o. Toca no localizador para o qual pretendes obter o percurso. Toca no bot\u00e3o Direc\u00e7\u00f5es. Seleciona a aplica\u00e7\u00e3o atrav\u00e9s [&hellip;]<\/p>\n","protected":false},"author":2,"featured_media":0,"parent":10246,"menu_order":0,"comment_status":"closed","ping_status":"closed","template":"","meta":{"_acf_changed":false,"footnotes":""},"class_list":["post-10303","page","type-page","status-publish","hentry"],"acf":[],"_links":{"self":[{"href":"https:\/\/guide.petloc8.com\/pt-pt\/wp-json\/wp\/v2\/pages\/10303","targetHints":{"allow":["GET"]}}],"collection":[{"href":"https:\/\/guide.petloc8.com\/pt-pt\/wp-json\/wp\/v2\/pages"}],"about":[{"href":"https:\/\/guide.petloc8.com\/pt-pt\/wp-json\/wp\/v2\/types\/page"}],"author":[{"embeddable":true,"href":"https:\/\/guide.petloc8.com\/pt-pt\/wp-json\/wp\/v2\/users\/2"}],"replies":[{"embeddable":true,"href":"https:\/\/guide.petloc8.com\/pt-pt\/wp-json\/wp\/v2\/comments?post=10303"}],"version-history":[{"count":3,"href":"https:\/\/guide.petloc8.com\/pt-pt\/wp-json\/wp\/v2\/pages\/10303\/revisions"}],"predecessor-version":[{"id":10313,"href":"https:\/\/guide.petloc8.com\/pt-pt\/wp-json\/wp\/v2\/pages\/10303\/revisions\/10313"}],"up":[{"embeddable":true,"href":"https:\/\/guide.petloc8.com\/pt-pt\/wp-json\/wp\/v2\/pages\/10246"}],"wp:attachment":[{"href":"https:\/\/guide.petloc8.com\/pt-pt\/wp-json\/wp\/v2\/media?parent=10303"}],"curies":[{"name":"wp","href":"https:\/\/api.w.org\/{rel}","templated":true}]}}