{"id":12501,"date":"2025-09-05T11:51:31","date_gmt":"2025-09-05T11:51:31","guid":{"rendered":"https:\/\/guide.petloc8.com\/guide-dapplication\/mes-animaux-de-compagnie\/mode-economiseur-de-batterie\/"},"modified":"2026-03-19T10:46:57","modified_gmt":"2026-03-19T10:46:57","slug":"mode-economiseur-de-batterie","status":"publish","type":"page","link":"https:\/\/guide.petloc8.com\/fr\/guide-dapplication\/mes-animaux-de-compagnie\/mode-economiseur-de-batterie\/","title":{"rendered":"Mode \u00e9conomiseur de batterie"},"content":{"rendered":"\t\t<div data-elementor-type=\"wp-page\" data-elementor-id=\"12501\" class=\"elementor elementor-12501 elementor-11531\">\n\t\t\t\t<div class=\"elementor-element elementor-element-f4a44b1 e-flex e-con-boxed e-con e-parent\" data-id=\"f4a44b1\" data-element_type=\"container\" data-e-type=\"container\">\n\t\t\t\t\t<div class=\"e-con-inner\">\n\t\t\t\t<div class=\"elementor-element elementor-element-ae23bb8 elementor-align-start prev_next  elementor-icon-list--layout-inline elementor-list-item-link-full_width elementor-widget elementor-widget-icon-list\" data-id=\"ae23bb8\" data-element_type=\"widget\" data-e-type=\"widget\" data-widget_type=\"icon-list.default\">\n\t\t\t\t<div class=\"elementor-widget-container\">\n\t\t\t\t\t\t\t<ul class=\"elementor-icon-list-items elementor-inline-items\">\n\t\t\t\t\t\t\t<li class=\"elementor-icon-list-item elementor-inline-item\">\n\t\t\t\t\t\t\t\t\t\t\t<a href=\"\/\">\n\n\t\t\t\t\t\t\t\t\t\t\t\t<span class=\"elementor-icon-list-icon\">\n\t\t\t\t\t\t\t<svg xmlns=\"http:\/\/www.w3.org\/2000\/svg\" width=\"24\" height=\"24\" viewBox=\"0 0 24 24\" fill=\"none\"><path d=\"M10.707 17.7929C11.0975 18.1834 11.0975 18.8166 10.707 19.2071C10.3165 19.5976 9.68327 19.5976 9.29274 19.2071L3.49985 13.4142C2.7188 12.6332 2.7188 11.3668 3.49985 10.5858L9.29274 4.79289C9.68327 4.40237 10.3165 4.40237 10.707 4.79289C11.0975 5.18342 11.0975 5.81658 10.707 6.20711L5.91407 11H19.9999C20.5522 11 20.9999 11.4477 20.9999 12C20.9999 12.5523 20.5522 13 19.9999 13H5.91406L10.707 17.7929Z\" fill=\"#192035\"><\/path><\/svg>\t\t\t\t\t\t<\/span>\n\t\t\t\t\t\t\t\t\t\t<span class=\"elementor-icon-list-text\"><h3>Guide \/<\/h3><\/span>\n\t\t\t\t\t\t\t\t\t\t\t<\/a>\n\t\t\t\t\t\t\t\t\t<\/li>\n\t\t\t\t\t\t\t\t<li class=\"elementor-icon-list-item elementor-inline-item\">\n\t\t\t\t\t\t\t\t\t\t\t<a href=\"https:\/\/guide.petloc8.com\/fr\/guide-dapplication\/\">\n\n\t\t\t\t\t\t\t\t\t\t\t<span class=\"elementor-icon-list-text\"><h3>&nbsp;Guide d'application<\/h3><\/span>\n\t\t\t\t\t\t\t\t\t\t\t<\/a>\n\t\t\t\t\t\t\t\t\t<\/li>\n\t\t\t\t\t\t<\/ul>\n\t\t\t\t\t\t<\/div>\n\t\t\t\t<\/div>\n\t\t\t\t<div class=\"elementor-element elementor-element-4d8f775 elementor-position-left elementor-vertical-align-middle green-icon-box elementor-widget elementor-widget-image-box\" data-id=\"4d8f775\" data-element_type=\"widget\" data-e-type=\"widget\" data-widget_type=\"image-box.default\">\n\t\t\t\t<div class=\"elementor-widget-container\">\n\t\t\t\t\t<div class=\"elementor-image-box-wrapper\"><figure class=\"elementor-image-box-img\"><img decoding=\"async\" width=\"115\" height=\"120\" src=\"https:\/\/guide.petloc8.com\/wp-content\/uploads\/2024\/12\/4x-bar-icon-4.png\" class=\"attachment-full size-full wp-image-4608\" alt=\"\" \/><\/figure><div class=\"elementor-image-box-content\"><h1 class=\"elementor-image-box-title\">Mes animaux de compagnie<\/h1><\/div><\/div>\t\t\t\t<\/div>\n\t\t\t\t<\/div>\n\t\t\t\t<div class=\"elementor-element elementor-element-a6ca93e elementor-widget elementor-widget-heading\" data-id=\"a6ca93e\" data-element_type=\"widget\" data-e-type=\"widget\" data-widget_type=\"heading.default\">\n\t\t\t\t<div class=\"elementor-widget-container\">\n\t\t\t\t\t<h1 class=\"elementor-heading-title elementor-size-default\">Mode \u00e9conomiseur de batterie\n<\/h1>\t\t\t\t<\/div>\n\t\t\t\t<\/div>\n\t\t\t\t<div class=\"elementor-element elementor-element-5ac8ed0 elementor-widget elementor-widget-heading\" data-id=\"5ac8ed0\" data-element_type=\"widget\" data-e-type=\"widget\" data-widget_type=\"heading.default\">\n\t\t\t\t<div class=\"elementor-widget-container\">\n\t\t\t\t\t<h2 class=\"elementor-heading-title elementor-size-default\">Automatic smart Wi-Fi detection<\/h2>\t\t\t\t<\/div>\n\t\t\t\t<\/div>\n\t\t\t\t<div class=\"elementor-element elementor-element-8f47a23 elementor-widget elementor-widget-heading\" data-id=\"8f47a23\" data-element_type=\"widget\" data-e-type=\"widget\" data-widget_type=\"heading.default\">\n\t\t\t\t<div class=\"elementor-widget-container\">\n\t\t\t\t\t<h4 class=\"elementor-heading-title elementor-size-default\">Pour \u00e9conomiser la batterie, les mises \u00e0 jour de la position sont interrompues lorsque l'appareil est chez lui en Wi-Fi et reprennent automatiquement lorsqu'il est hors de port\u00e9e.<br><br>\n<b>D\u00e9tection automatique du Wi-Fi intelligent.<\/b><br>Lorsque votre traceur est en charge, il recherche le Wi-Fi de votre domicile. Une fois qu'il conna\u00eet le Wi-Fi, il se met automatiquement en veille lorsque votre animal est \u00e0 la maison, interrompant les mises \u00e0 jour de localisation et les alertes. D\u00e8s que votre animal est hors de port\u00e9e, il se r\u00e9veille et recommence \u00e0 le suivre.  <br><br>\n<b>Totalement automatique.<\/b><br>Le mode d'\u00e9conomie de batterie est tr\u00e8s intelligent. Il s'arr\u00eate automatiquement lorsque le traceur quitte votre domicile Wi-Fi ou commence \u00e0 se charger. Si vous avez besoin de l'arr\u00eater plus t\u00f4t, il vous suffit de le brancher.  <br><br>\n\n<b>Par d\u00e9faut, lorsque le traceur est ajout\u00e9, il fonctionne en mode \u00e9conomie de batterie afin de prolonger la dur\u00e9e de vie de la batterie du traceur.<\/b>\nVous pouvez toujours contr\u00f4ler ce mode vous-m\u00eame si n\u00e9cessaire dans les param\u00e8tres du traceur.<br><br>\n<b>Activer\/d\u00e9sactiver le mode \u00e9conomiseur de batterie<\/b><br><br>\nPour activer ou d\u00e9sactiver le mode, dans l'onglet inf\u00e9rieur, appuyez sur l'ic\u00f4ne Mes animaux.\n<\/h4>\t\t\t\t<\/div>\n\t\t\t\t<\/div>\n\t\t\t\t<div class=\"elementor-element elementor-element-e998b5e device_mobile_img elementor-widget elementor-widget-image\" data-id=\"e998b5e\" data-element_type=\"widget\" data-e-type=\"widget\" data-widget_type=\"image.default\">\n\t\t\t\t<div class=\"elementor-widget-container\">\n\t\t\t\t\t\t\t\t\t\t\t\t\t\t\t<img fetchpriority=\"high\" decoding=\"async\" width=\"782\" height=\"1600\" src=\"https:\/\/guide.petloc8.com\/wp-content\/uploads\/2025\/09\/phone.png\" class=\"attachment-full size-full wp-image-11548\" alt=\"\" srcset=\"https:\/\/guide.petloc8.com\/wp-content\/uploads\/2025\/09\/phone.png 782w, https:\/\/guide.petloc8.com\/wp-content\/uploads\/2025\/09\/phone-147x300.png 147w, https:\/\/guide.petloc8.com\/wp-content\/uploads\/2025\/09\/phone-500x1024.png 500w, https:\/\/guide.petloc8.com\/wp-content\/uploads\/2025\/09\/phone-768x1571.png 768w, https:\/\/guide.petloc8.com\/wp-content\/uploads\/2025\/09\/phone-751x1536.png 751w\" sizes=\"(max-width: 782px) 100vw, 782px\" \/>\t\t\t\t\t\t\t\t\t\t\t\t\t\t\t<\/div>\n\t\t\t\t<\/div>\n\t\t\t\t<div class=\"elementor-element elementor-element-94dba64 elementor-widget elementor-widget-heading\" data-id=\"94dba64\" data-element_type=\"widget\" data-e-type=\"widget\" data-widget_type=\"heading.default\">\n\t\t\t\t<div class=\"elementor-widget-container\">\n\t\t\t\t\t<h4 class=\"elementor-heading-title elementor-size-default\">Tapez sur le traceur dont vous voulez changer le mode.<\/h4>\t\t\t\t<\/div>\n\t\t\t\t<\/div>\n\t\t\t\t<div class=\"elementor-element elementor-element-9f97d2f device_mobile_img elementor-widget elementor-widget-image\" data-id=\"9f97d2f\" data-element_type=\"widget\" data-e-type=\"widget\" data-widget_type=\"image.default\">\n\t\t\t\t<div class=\"elementor-widget-container\">\n\t\t\t\t\t\t\t\t\t\t\t\t\t\t\t<img decoding=\"async\" width=\"782\" height=\"1600\" src=\"https:\/\/guide.petloc8.com\/wp-content\/uploads\/2025\/09\/phone-1.png\" class=\"attachment-full size-full wp-image-11557\" alt=\"\" srcset=\"https:\/\/guide.petloc8.com\/wp-content\/uploads\/2025\/09\/phone-1.png 782w, https:\/\/guide.petloc8.com\/wp-content\/uploads\/2025\/09\/phone-1-147x300.png 147w, https:\/\/guide.petloc8.com\/wp-content\/uploads\/2025\/09\/phone-1-500x1024.png 500w, https:\/\/guide.petloc8.com\/wp-content\/uploads\/2025\/09\/phone-1-768x1571.png 768w, https:\/\/guide.petloc8.com\/wp-content\/uploads\/2025\/09\/phone-1-751x1536.png 751w\" sizes=\"(max-width: 782px) 100vw, 782px\" \/>\t\t\t\t\t\t\t\t\t\t\t\t\t\t\t<\/div>\n\t\t\t\t<\/div>\n\t\t\t\t<div class=\"elementor-element elementor-element-5dccb81 elementor-widget elementor-widget-heading\" data-id=\"5dccb81\" data-element_type=\"widget\" data-e-type=\"widget\" data-widget_type=\"heading.default\">\n\t\t\t\t<div class=\"elementor-widget-container\">\n\t\t\t\t\t<h4 class=\"elementor-heading-title elementor-size-default\">Tapez sur l'ic\u00f4ne de la fl\u00e8che dans l'\u00e9tat actuel de l'appareil.<\/h4>\t\t\t\t<\/div>\n\t\t\t\t<\/div>\n\t\t\t\t<div class=\"elementor-element elementor-element-921ae82 device_mobile_img elementor-widget elementor-widget-image\" data-id=\"921ae82\" data-element_type=\"widget\" data-e-type=\"widget\" data-widget_type=\"image.default\">\n\t\t\t\t<div class=\"elementor-widget-container\">\n\t\t\t\t\t\t\t\t\t\t\t\t\t\t\t<img loading=\"lazy\" decoding=\"async\" width=\"782\" height=\"1600\" src=\"https:\/\/guide.petloc8.com\/wp-content\/uploads\/2025\/02\/modes-3.png\" class=\"attachment-full size-full wp-image-9439\" alt=\"\" srcset=\"https:\/\/guide.petloc8.com\/wp-content\/uploads\/2025\/02\/modes-3.png 782w, https:\/\/guide.petloc8.com\/wp-content\/uploads\/2025\/02\/modes-3-147x300.png 147w, https:\/\/guide.petloc8.com\/wp-content\/uploads\/2025\/02\/modes-3-500x1024.png 500w, https:\/\/guide.petloc8.com\/wp-content\/uploads\/2025\/02\/modes-3-768x1571.png 768w, https:\/\/guide.petloc8.com\/wp-content\/uploads\/2025\/02\/modes-3-751x1536.png 751w\" sizes=\"(max-width: 782px) 100vw, 782px\" \/>\t\t\t\t\t\t\t\t\t\t\t\t\t\t\t<\/div>\n\t\t\t\t<\/div>\n\t\t\t\t<div class=\"elementor-element elementor-element-6fe2ab8 elementor-widget elementor-widget-heading\" data-id=\"6fe2ab8\" data-element_type=\"widget\" data-e-type=\"widget\" data-widget_type=\"heading.default\">\n\t\t\t\t<div class=\"elementor-widget-container\">\n\t\t\t\t\t<h4 class=\"elementor-heading-title elementor-size-default\">Activez\/d\u00e9sactivez le commutateur situ\u00e9 \u00e0 c\u00f4t\u00e9 du mode d'\u00e9conomie de la batterie.<\/h4>\t\t\t\t<\/div>\n\t\t\t\t<\/div>\n\t\t\t\t<div class=\"elementor-element elementor-element-aa8ed77 device_mobile_img elementor-widget elementor-widget-image\" data-id=\"aa8ed77\" data-element_type=\"widget\" data-e-type=\"widget\" data-widget_type=\"image.default\">\n\t\t\t\t<div class=\"elementor-widget-container\">\n\t\t\t\t\t\t\t\t\t\t\t\t\t\t\t<img loading=\"lazy\" decoding=\"async\" width=\"782\" height=\"1600\" src=\"https:\/\/guide.petloc8.com\/wp-content\/uploads\/2025\/06\/mode_my_pets_4.png\" class=\"attachment-full size-full wp-image-11468\" alt=\"\" srcset=\"https:\/\/guide.petloc8.com\/wp-content\/uploads\/2025\/06\/mode_my_pets_4.png 782w, https:\/\/guide.petloc8.com\/wp-content\/uploads\/2025\/06\/mode_my_pets_4-147x300.png 147w, https:\/\/guide.petloc8.com\/wp-content\/uploads\/2025\/06\/mode_my_pets_4-500x1024.png 500w, https:\/\/guide.petloc8.com\/wp-content\/uploads\/2025\/06\/mode_my_pets_4-768x1571.png 768w, https:\/\/guide.petloc8.com\/wp-content\/uploads\/2025\/06\/mode_my_pets_4-751x1536.png 751w\" sizes=\"(max-width: 782px) 100vw, 782px\" \/>\t\t\t\t\t\t\t\t\t\t\t\t\t\t\t<\/div>\n\t\t\t\t<\/div>\n\t\t\t\t<div class=\"elementor-element elementor-element-31ab308 elementor-widget elementor-widget-heading\" data-id=\"31ab308\" data-element_type=\"widget\" data-e-type=\"widget\" data-widget_type=\"heading.default\">\n\t\t\t\t<div class=\"elementor-widget-container\">\n\t\t\t\t\t<h4 class=\"elementor-heading-title elementor-size-default\"><b>Mise en marche.<\/b><br><br>Apr\u00e8s avoir activ\u00e9 le mode, laissez votre traceur se charger. Il sera \u00e0 l'aff\u00fbt de votre connexion Wi-Fi pendant 5 minutes au cours de la charge. S'il rep\u00e8re deux fois la m\u00eame connexion Wi-Fi, il s'en souvient pour le mode \u00c9conomie de batterie.  <br><br>\nD\u00e9sormais, les alertes et les mises \u00e0 jour de localisation s'interrompent et permettent d'\u00e9conomiser de la batterie lorsque l'appareil de votre animal se trouve \u00e0 port\u00e9e de votre Wi-Fi habituel. Lorsqu'il quitte la zone Wi-Fi, tout revient \u00e0 la normale. <br><br>\nLorsque le mode d'\u00e9conomie de batterie est activ\u00e9, l'ic\u00f4ne \u26a1\ufe0fis appara\u00eet sur l'\u00e9pingle du traceur.\nVous pouvez \u00e9galement voir quel type de connexion le traceur utilise actuellement gr\u00e2ce \u00e0 l'ic\u00f4ne situ\u00e9e \u00e0 c\u00f4t\u00e9 de l'heure de la derni\u00e8re mise \u00e0 jour en haut de l'\u00e9pingle du traceur.<br><\/h4>\t\t\t\t<\/div>\n\t\t\t\t<\/div>\n\t\t\t\t<div class=\"elementor-element elementor-element-3ded4c3 device_mobile_img elementor-widget elementor-widget-image\" data-id=\"3ded4c3\" data-element_type=\"widget\" data-e-type=\"widget\" data-widget_type=\"image.default\">\n\t\t\t\t<div class=\"elementor-widget-container\">\n\t\t\t\t\t\t\t\t\t\t\t\t\t\t\t<img loading=\"lazy\" decoding=\"async\" width=\"782\" height=\"1600\" src=\"https:\/\/guide.petloc8.com\/wp-content\/uploads\/2025\/09\/phone-2.png\" class=\"attachment-full size-full wp-image-11568\" alt=\"\" srcset=\"https:\/\/guide.petloc8.com\/wp-content\/uploads\/2025\/09\/phone-2.png 782w, https:\/\/guide.petloc8.com\/wp-content\/uploads\/2025\/09\/phone-2-147x300.png 147w, https:\/\/guide.petloc8.com\/wp-content\/uploads\/2025\/09\/phone-2-500x1024.png 500w, https:\/\/guide.petloc8.com\/wp-content\/uploads\/2025\/09\/phone-2-768x1571.png 768w, https:\/\/guide.petloc8.com\/wp-content\/uploads\/2025\/09\/phone-2-751x1536.png 751w\" sizes=\"(max-width: 782px) 100vw, 782px\" \/>\t\t\t\t\t\t\t\t\t\t\t\t\t\t\t<\/div>\n\t\t\t\t<\/div>\n\t\t\t\t<div class=\"elementor-element elementor-element-41a79a7 elementor-widget elementor-widget-heading\" data-id=\"41a79a7\" data-element_type=\"widget\" data-e-type=\"widget\" data-widget_type=\"heading.default\">\n\t\t\t\t<div class=\"elementor-widget-container\">\n\t\t\t\t\t<h4 class=\"elementor-heading-title elementor-size-default\"><b>Mise hors tension.<\/b><br><br>\n<b>Veuillez noter que le mode d'\u00e9conomie de la batterie se d\u00e9sactive automatiquement lorsque l'appareil est hors de port\u00e9e du r\u00e9seau Wi-Fi domestique ou en cours de charge. Pour le d\u00e9sactiver instantan\u00e9ment, il vous suffit de connecter l'appareil au chargeur. <\/b><br><br>\nPour d\u00e9sactiver manuellement le mode \u00c9conomie de batterie, vous devez r\u00e9veiller l'appareil de votre animal de compagnie. Appuyez sur le bouton d'alimentation et maintenez-le enfonc\u00e9 pendant environ 4 secondes, jusqu'\u00e0 ce que vous voyiez un rapide \u00e9clair vert. <br><\/h4>\t\t\t\t<\/div>\n\t\t\t\t<\/div>\n\t\t<div class=\"elementor-element elementor-element-5016802 e-grid e-con-full prev_next  e-con e-child\" data-id=\"5016802\" data-element_type=\"container\" data-e-type=\"container\">\n\t\t\t\t<div class=\"elementor-element elementor-element-2629d33 elementor-align-start elementor-icon-list--layout-traditional elementor-list-item-link-full_width elementor-widget elementor-widget-icon-list\" data-id=\"2629d33\" data-element_type=\"widget\" data-e-type=\"widget\" data-widget_type=\"icon-list.default\">\n\t\t\t\t<div class=\"elementor-widget-container\">\n\t\t\t\t\t\t\t<ul class=\"elementor-icon-list-items\">\n\t\t\t\t\t\t\t<li class=\"elementor-icon-list-item\">\n\t\t\t\t\t\t\t\t\t\t\t<a href=\"https:\/\/guide.petloc8.com\/fr\/guide-dapplication\/mes-animaux-de-compagnie\/mode-et-statuts\/\">\n\n\t\t\t\t\t\t\t\t\t\t\t\t<span class=\"elementor-icon-list-icon\">\n\t\t\t\t\t\t\t<svg xmlns=\"http:\/\/www.w3.org\/2000\/svg\" width=\"24\" height=\"24\" viewBox=\"0 0 24 24\" fill=\"none\"><path d=\"M10.707 17.7929C11.0975 18.1834 11.0975 18.8166 10.707 19.2071C10.3165 19.5976 9.68327 19.5976 9.29274 19.2071L3.49985 13.4142C2.7188 12.6332 2.7188 11.3668 3.49985 10.5858L9.29274 4.79289C9.68327 4.40237 10.3165 4.40237 10.707 4.79289C11.0975 5.18342 11.0975 5.81658 10.707 6.20711L5.91407 11H19.9999C20.5522 11 20.9999 11.4477 20.9999 12C20.9999 12.5523 20.5522 13 19.9999 13H5.91406L10.707 17.7929Z\" fill=\"#192035\"><\/path><\/svg>\t\t\t\t\t\t<\/span>\n\t\t\t\t\t\t\t\t\t\t<span class=\"elementor-icon-list-text\"><h3>Modes &amp; Sta...<\/h3><\/span>\n\t\t\t\t\t\t\t\t\t\t\t<\/a>\n\t\t\t\t\t\t\t\t\t<\/li>\n\t\t\t\t\t\t<\/ul>\n\t\t\t\t\t\t<\/div>\n\t\t\t\t<\/div>\n\t\t\t\t<div class=\"elementor-element elementor-element-cb73a57 elementor-align-start next-page elementor-icon-list--layout-traditional elementor-list-item-link-full_width elementor-widget elementor-widget-icon-list\" data-id=\"cb73a57\" data-element_type=\"widget\" data-e-type=\"widget\" data-widget_type=\"icon-list.default\">\n\t\t\t\t<div class=\"elementor-widget-container\">\n\t\t\t\t\t\t\t<ul class=\"elementor-icon-list-items\">\n\t\t\t\t\t\t\t<li class=\"elementor-icon-list-item\">\n\t\t\t\t\t\t\t\t\t\t\t<a href=\"https:\/\/guide.petloc8.com\/fr\/guide-dapplication\/mes-animaux-de-compagnie\/bluetooth-et-autorisations\/\">\n\n\t\t\t\t\t\t\t\t\t\t\t\t<span class=\"elementor-icon-list-icon\">\n\t\t\t\t\t\t\t<svg xmlns=\"http:\/\/www.w3.org\/2000\/svg\" width=\"24\" height=\"24\" viewBox=\"0 0 24 24\" fill=\"none\"><path d=\"M13.2071 17.7929C12.8166 18.1834 12.8166 18.8166 13.2071 19.2071C13.5976 19.5976 14.2308 19.5976 14.6213 19.2071L20.4142 13.4142C21.1953 12.6332 21.1953 11.3668 20.4142 10.5858L14.6213 4.79289C14.2308 4.40237 13.5976 4.40237 13.2071 4.79289C12.8166 5.18342 12.8166 5.81658 13.2071 6.20711L18 11H3.91418C3.36188 11 2.91418 11.4477 2.91418 12C2.91418 12.5523 3.36188 13 3.91418 13H18L13.2071 17.7929Z\" fill=\"#192035\"><\/path><\/svg>\t\t\t\t\t\t<\/span>\n\t\t\t\t\t\t\t\t\t\t<span class=\"elementor-icon-list-text\"><h3>Bluetooth et...<\/h3><\/span>\n\t\t\t\t\t\t\t\t\t\t\t<\/a>\n\t\t\t\t\t\t\t\t\t<\/li>\n\t\t\t\t\t\t<\/ul>\n\t\t\t\t\t\t<\/div>\n\t\t\t\t<\/div>\n\t\t\t\t<\/div>\n\t\t\t\t\t<\/div>\n\t\t\t\t<\/div>\n\t\t\t\t<\/div>\n\t\t","protected":false},"excerpt":{"rendered":"<p>Guide \/ &nbsp;Guide d&rsquo;application Mes animaux de compagnie Mode \u00e9conomiseur de batterie Automatic smart Wi-Fi detection Pour \u00e9conomiser la batterie, les mises \u00e0 jour de la position sont interrompues lorsque l&rsquo;appareil est chez lui en Wi-Fi et reprennent automatiquement lorsqu&rsquo;il est hors de port\u00e9e. D\u00e9tection automatique du Wi-Fi intelligent.Lorsque votre traceur est en charge, il [&hellip;]<\/p>\n","protected":false},"author":2,"featured_media":0,"parent":10254,"menu_order":0,"comment_status":"closed","ping_status":"closed","template":"","meta":{"_acf_changed":false,"footnotes":""},"class_list":["post-12501","page","type-page","status-publish","hentry"],"acf":[],"_links":{"self":[{"href":"https:\/\/guide.petloc8.com\/fr\/wp-json\/wp\/v2\/pages\/12501","targetHints":{"allow":["GET"]}}],"collection":[{"href":"https:\/\/guide.petloc8.com\/fr\/wp-json\/wp\/v2\/pages"}],"about":[{"href":"https:\/\/guide.petloc8.com\/fr\/wp-json\/wp\/v2\/types\/page"}],"author":[{"embeddable":true,"href":"https:\/\/guide.petloc8.com\/fr\/wp-json\/wp\/v2\/users\/2"}],"replies":[{"embeddable":true,"href":"https:\/\/guide.petloc8.com\/fr\/wp-json\/wp\/v2\/comments?post=12501"}],"version-history":[{"count":1,"href":"https:\/\/guide.petloc8.com\/fr\/wp-json\/wp\/v2\/pages\/12501\/revisions"}],"predecessor-version":[{"id":12502,"href":"https:\/\/guide.petloc8.com\/fr\/wp-json\/wp\/v2\/pages\/12501\/revisions\/12502"}],"up":[{"embeddable":true,"href":"https:\/\/guide.petloc8.com\/fr\/wp-json\/wp\/v2\/pages\/10254"}],"wp:attachment":[{"href":"https:\/\/guide.petloc8.com\/fr\/wp-json\/wp\/v2\/media?parent=12501"}],"curies":[{"name":"wp","href":"https:\/\/api.w.org\/{rel}","templated":true}]}}