{"id":10240,"date":"2025-02-06T06:25:02","date_gmt":"2025-02-06T06:25:02","guid":{"rendered":"https:\/\/guide.petloc8.com\/modo-y-estados\/"},"modified":"2026-03-19T10:50:11","modified_gmt":"2026-03-19T10:50:11","slug":"modo-y-estados","status":"publish","type":"page","link":"https:\/\/guide.petloc8.com\/es\/guia-de-aplicacion\/mis-mascotas\/modo-y-estados\/","title":{"rendered":"Modo y estados"},"content":{"rendered":"\t\t<div data-elementor-type=\"wp-page\" data-elementor-id=\"10240\" class=\"elementor elementor-10240 elementor-5982\">\n\t\t\t\t<div class=\"elementor-element elementor-element-f4a44b1 e-flex e-con-boxed e-con e-parent\" data-id=\"f4a44b1\" data-element_type=\"container\" data-e-type=\"container\">\n\t\t\t\t\t<div class=\"e-con-inner\">\n\t\t\t\t<div class=\"elementor-element elementor-element-ae23bb8 elementor-align-start prev_next  elementor-icon-list--layout-inline elementor-list-item-link-full_width elementor-widget elementor-widget-icon-list\" data-id=\"ae23bb8\" data-element_type=\"widget\" data-e-type=\"widget\" data-widget_type=\"icon-list.default\">\n\t\t\t\t<div class=\"elementor-widget-container\">\n\t\t\t\t\t\t\t<ul class=\"elementor-icon-list-items elementor-inline-items\">\n\t\t\t\t\t\t\t<li class=\"elementor-icon-list-item elementor-inline-item\">\n\t\t\t\t\t\t\t\t\t\t\t<a href=\"\/\">\n\n\t\t\t\t\t\t\t\t\t\t\t\t<span class=\"elementor-icon-list-icon\">\n\t\t\t\t\t\t\t<svg xmlns=\"http:\/\/www.w3.org\/2000\/svg\" width=\"24\" height=\"24\" viewBox=\"0 0 24 24\" fill=\"none\"><path d=\"M10.707 17.7929C11.0975 18.1834 11.0975 18.8166 10.707 19.2071C10.3165 19.5976 9.68327 19.5976 9.29274 19.2071L3.49985 13.4142C2.7188 12.6332 2.7188 11.3668 3.49985 10.5858L9.29274 4.79289C9.68327 4.40237 10.3165 4.40237 10.707 4.79289C11.0975 5.18342 11.0975 5.81658 10.707 6.20711L5.91407 11H19.9999C20.5522 11 20.9999 11.4477 20.9999 12C20.9999 12.5523 20.5522 13 19.9999 13H5.91406L10.707 17.7929Z\" fill=\"#192035\"><\/path><\/svg>\t\t\t\t\t\t<\/span>\n\t\t\t\t\t\t\t\t\t\t<span class=\"elementor-icon-list-text\"><h3>Gu\u00eda \/<\/h3><\/span>\n\t\t\t\t\t\t\t\t\t\t\t<\/a>\n\t\t\t\t\t\t\t\t\t<\/li>\n\t\t\t\t\t\t\t\t<li class=\"elementor-icon-list-item elementor-inline-item\">\n\t\t\t\t\t\t\t\t\t\t\t<a href=\"https:\/\/guide.petloc8.com\/es\/guia-de-aplicacion\/\">\n\n\t\t\t\t\t\t\t\t\t\t\t<span class=\"elementor-icon-list-text\"><h3>&nbsp;Gu\u00eda de aplicaci\u00f3n<\/h3><\/span>\n\t\t\t\t\t\t\t\t\t\t\t<\/a>\n\t\t\t\t\t\t\t\t\t<\/li>\n\t\t\t\t\t\t<\/ul>\n\t\t\t\t\t\t<\/div>\n\t\t\t\t<\/div>\n\t\t\t\t<div class=\"elementor-element elementor-element-4d8f775 elementor-position-left elementor-vertical-align-middle green-icon-box elementor-widget elementor-widget-image-box\" data-id=\"4d8f775\" data-element_type=\"widget\" data-e-type=\"widget\" data-widget_type=\"image-box.default\">\n\t\t\t\t<div class=\"elementor-widget-container\">\n\t\t\t\t\t<div class=\"elementor-image-box-wrapper\"><figure class=\"elementor-image-box-img\"><img decoding=\"async\" width=\"115\" height=\"120\" src=\"https:\/\/guide.petloc8.com\/wp-content\/uploads\/2024\/12\/4x-bar-icon-4.png\" class=\"attachment-full size-full wp-image-4608\" alt=\"\" \/><\/figure><div class=\"elementor-image-box-content\"><h1 class=\"elementor-image-box-title\">Mis mascotas<\/h1><\/div><\/div>\t\t\t\t<\/div>\n\t\t\t\t<\/div>\n\t\t\t\t<div class=\"elementor-element elementor-element-a6ca93e elementor-widget elementor-widget-heading\" data-id=\"a6ca93e\" data-element_type=\"widget\" data-e-type=\"widget\" data-widget_type=\"heading.default\">\n\t\t\t\t<div class=\"elementor-widget-container\">\n\t\t\t\t\t<h1 class=\"elementor-heading-title elementor-size-default\">Modos y estados<\/h1>\t\t\t\t<\/div>\n\t\t\t\t<\/div>\n\t\t\t\t<div class=\"elementor-element elementor-element-8f47a23 elementor-widget elementor-widget-heading\" data-id=\"8f47a23\" data-element_type=\"widget\" data-e-type=\"widget\" data-widget_type=\"heading.default\">\n\t\t\t\t<div class=\"elementor-widget-container\">\n\t\t\t\t\t<h4 class=\"elementor-heading-title elementor-size-default\">Existen cuatro tipos de modo:<br><br><b>Modo Bluetooth:<\/b> consume hasta un 50% menos de energ\u00eda mientras est\u00e1s cerca de tu smartphone<br><br>\n<b>Modo de ahorro de bater\u00eda:<\/b> act\u00edvalo para establecer el horario sin conexi\u00f3n.<br><br>\n<b>Seguimiento s\u00f3lo cuando hay movimiento:<\/b> si el dispositivo no se mueve durante 60 minutos, se apaga hasta que se vuelve a mover<br><br>\n<b>Modo Tocar para localizar:<\/b> este modo es el m\u00e1s econ\u00f3mico, no registra el historial y s\u00f3lo muestra la ubicaci\u00f3n en directo cuando pulsas actualizar.<br><br>\nPara cambiar de modo en la pesta\u00f1a inferior toca el icono Mis Mascotas.<\/h4>\t\t\t\t<\/div>\n\t\t\t\t<\/div>\n\t\t\t\t<div class=\"elementor-element elementor-element-e998b5e device_mobile_img elementor-widget elementor-widget-image\" data-id=\"e998b5e\" data-element_type=\"widget\" data-e-type=\"widget\" data-widget_type=\"image.default\">\n\t\t\t\t<div class=\"elementor-widget-container\">\n\t\t\t\t\t\t\t\t\t\t\t\t\t\t\t<img fetchpriority=\"high\" decoding=\"async\" width=\"782\" height=\"1600\" src=\"https:\/\/guide.petloc8.com\/wp-content\/uploads\/2025\/06\/mode_my_pets_1.png\" class=\"attachment-full size-full wp-image-11171\" alt=\"\" srcset=\"https:\/\/guide.petloc8.com\/wp-content\/uploads\/2025\/06\/mode_my_pets_1.png 782w, https:\/\/guide.petloc8.com\/wp-content\/uploads\/2025\/06\/mode_my_pets_1-147x300.png 147w, https:\/\/guide.petloc8.com\/wp-content\/uploads\/2025\/06\/mode_my_pets_1-500x1024.png 500w, https:\/\/guide.petloc8.com\/wp-content\/uploads\/2025\/06\/mode_my_pets_1-768x1571.png 768w, https:\/\/guide.petloc8.com\/wp-content\/uploads\/2025\/06\/mode_my_pets_1-751x1536.png 751w\" sizes=\"(max-width: 782px) 100vw, 782px\" \/>\t\t\t\t\t\t\t\t\t\t\t\t\t\t\t<\/div>\n\t\t\t\t<\/div>\n\t\t\t\t<div class=\"elementor-element elementor-element-94dba64 elementor-widget elementor-widget-heading\" data-id=\"94dba64\" data-element_type=\"widget\" data-e-type=\"widget\" data-widget_type=\"heading.default\">\n\t\t\t\t<div class=\"elementor-widget-container\">\n\t\t\t\t\t<h4 class=\"elementor-heading-title elementor-size-default\">Pulsa sobre el rastreador que quieras cambiar de modo.<\/h4>\t\t\t\t<\/div>\n\t\t\t\t<\/div>\n\t\t\t\t<div class=\"elementor-element elementor-element-9f97d2f device_mobile_img elementor-widget elementor-widget-image\" data-id=\"9f97d2f\" data-element_type=\"widget\" data-e-type=\"widget\" data-widget_type=\"image.default\">\n\t\t\t\t<div class=\"elementor-widget-container\">\n\t\t\t\t\t\t\t\t\t\t\t\t\t\t\t<img decoding=\"async\" width=\"782\" height=\"1600\" src=\"https:\/\/guide.petloc8.com\/wp-content\/uploads\/2025\/02\/modes-2.png\" class=\"attachment-full size-full wp-image-9438\" alt=\"\" srcset=\"https:\/\/guide.petloc8.com\/wp-content\/uploads\/2025\/02\/modes-2.png 782w, https:\/\/guide.petloc8.com\/wp-content\/uploads\/2025\/02\/modes-2-147x300.png 147w, https:\/\/guide.petloc8.com\/wp-content\/uploads\/2025\/02\/modes-2-500x1024.png 500w, https:\/\/guide.petloc8.com\/wp-content\/uploads\/2025\/02\/modes-2-768x1571.png 768w, https:\/\/guide.petloc8.com\/wp-content\/uploads\/2025\/02\/modes-2-751x1536.png 751w\" sizes=\"(max-width: 782px) 100vw, 782px\" \/>\t\t\t\t\t\t\t\t\t\t\t\t\t\t\t<\/div>\n\t\t\t\t<\/div>\n\t\t\t\t<div class=\"elementor-element elementor-element-5dccb81 elementor-widget elementor-widget-heading\" data-id=\"5dccb81\" data-element_type=\"widget\" data-e-type=\"widget\" data-widget_type=\"heading.default\">\n\t\t\t\t<div class=\"elementor-widget-container\">\n\t\t\t\t\t<h4 class=\"elementor-heading-title elementor-size-default\">Toca el icono de la flecha en el estado actual del dispositivo.<\/h4>\t\t\t\t<\/div>\n\t\t\t\t<\/div>\n\t\t\t\t<div class=\"elementor-element elementor-element-921ae82 device_mobile_img elementor-widget elementor-widget-image\" data-id=\"921ae82\" data-element_type=\"widget\" data-e-type=\"widget\" data-widget_type=\"image.default\">\n\t\t\t\t<div class=\"elementor-widget-container\">\n\t\t\t\t\t\t\t\t\t\t\t\t\t\t\t<img loading=\"lazy\" decoding=\"async\" width=\"782\" height=\"1600\" src=\"https:\/\/guide.petloc8.com\/wp-content\/uploads\/2025\/02\/modes-3.png\" class=\"attachment-full size-full wp-image-9443\" alt=\"\" srcset=\"https:\/\/guide.petloc8.com\/wp-content\/uploads\/2025\/02\/modes-3.png 782w, https:\/\/guide.petloc8.com\/wp-content\/uploads\/2025\/02\/modes-3-147x300.png 147w, https:\/\/guide.petloc8.com\/wp-content\/uploads\/2025\/02\/modes-3-500x1024.png 500w, https:\/\/guide.petloc8.com\/wp-content\/uploads\/2025\/02\/modes-3-768x1571.png 768w, https:\/\/guide.petloc8.com\/wp-content\/uploads\/2025\/02\/modes-3-751x1536.png 751w\" sizes=\"(max-width: 782px) 100vw, 782px\" \/>\t\t\t\t\t\t\t\t\t\t\t\t\t\t\t<\/div>\n\t\t\t\t<\/div>\n\t\t\t\t<div class=\"elementor-element elementor-element-6fe2ab8 elementor-widget elementor-widget-heading\" data-id=\"6fe2ab8\" data-element_type=\"widget\" data-e-type=\"widget\" data-widget_type=\"heading.default\">\n\t\t\t\t<div class=\"elementor-widget-container\">\n\t\t\t\t\t<h4 class=\"elementor-heading-title elementor-size-default\">Activa los conmutadores de los modos preferidos.<\/h4>\t\t\t\t<\/div>\n\t\t\t\t<\/div>\n\t\t\t\t<div class=\"elementor-element elementor-element-aa8ed77 device_mobile_img elementor-widget elementor-widget-image\" data-id=\"aa8ed77\" data-element_type=\"widget\" data-e-type=\"widget\" data-widget_type=\"image.default\">\n\t\t\t\t<div class=\"elementor-widget-container\">\n\t\t\t\t\t\t\t\t\t\t\t\t\t\t\t<img loading=\"lazy\" decoding=\"async\" width=\"782\" height=\"1600\" src=\"https:\/\/guide.petloc8.com\/wp-content\/uploads\/2025\/06\/mode_my_pets_4.png\" class=\"attachment-full size-full wp-image-11472\" alt=\"\" srcset=\"https:\/\/guide.petloc8.com\/wp-content\/uploads\/2025\/06\/mode_my_pets_4.png 782w, https:\/\/guide.petloc8.com\/wp-content\/uploads\/2025\/06\/mode_my_pets_4-147x300.png 147w, https:\/\/guide.petloc8.com\/wp-content\/uploads\/2025\/06\/mode_my_pets_4-500x1024.png 500w, https:\/\/guide.petloc8.com\/wp-content\/uploads\/2025\/06\/mode_my_pets_4-768x1571.png 768w, https:\/\/guide.petloc8.com\/wp-content\/uploads\/2025\/06\/mode_my_pets_4-751x1536.png 751w\" sizes=\"(max-width: 782px) 100vw, 782px\" \/>\t\t\t\t\t\t\t\t\t\t\t\t\t\t\t<\/div>\n\t\t\t\t<\/div>\n\t\t\t\t<div class=\"elementor-element elementor-element-31ab308 elementor-widget elementor-widget-heading\" data-id=\"31ab308\" data-element_type=\"widget\" data-e-type=\"widget\" data-widget_type=\"heading.default\">\n\t\t\t\t<div class=\"elementor-widget-container\">\n\t\t\t\t\t<h4 class=\"elementor-heading-title elementor-size-default\">Configura el modo seg\u00fan los ajustes.\n<br><br>Ahora puedes ver los estados del dispositivo seg\u00fan los modos configurados. Para ver informaci\u00f3n sobre todos los estados, pulsa el icono Info en la pantalla de configuraci\u00f3n de modos. <\/h4>\t\t\t\t<\/div>\n\t\t\t\t<\/div>\n\t\t\t\t<div class=\"elementor-element elementor-element-3ded4c3 device_mobile_img elementor-widget elementor-widget-image\" data-id=\"3ded4c3\" data-element_type=\"widget\" data-e-type=\"widget\" data-widget_type=\"image.default\">\n\t\t\t\t<div class=\"elementor-widget-container\">\n\t\t\t\t\t\t\t\t\t\t\t\t\t\t\t<img loading=\"lazy\" decoding=\"async\" width=\"782\" height=\"1600\" src=\"https:\/\/guide.petloc8.com\/wp-content\/uploads\/2025\/06\/mode_my_pets_5.png\" class=\"attachment-full size-full wp-image-11478\" alt=\"\" srcset=\"https:\/\/guide.petloc8.com\/wp-content\/uploads\/2025\/06\/mode_my_pets_5.png 782w, https:\/\/guide.petloc8.com\/wp-content\/uploads\/2025\/06\/mode_my_pets_5-147x300.png 147w, https:\/\/guide.petloc8.com\/wp-content\/uploads\/2025\/06\/mode_my_pets_5-500x1024.png 500w, https:\/\/guide.petloc8.com\/wp-content\/uploads\/2025\/06\/mode_my_pets_5-768x1571.png 768w, https:\/\/guide.petloc8.com\/wp-content\/uploads\/2025\/06\/mode_my_pets_5-751x1536.png 751w\" sizes=\"(max-width: 782px) 100vw, 782px\" \/>\t\t\t\t\t\t\t\t\t\t\t\t\t\t\t<\/div>\n\t\t\t\t<\/div>\n\t\t\t\t<div class=\"elementor-element elementor-element-ce1342d elementor-widget elementor-widget-heading\" data-id=\"ce1342d\" data-element_type=\"widget\" data-e-type=\"widget\" data-widget_type=\"heading.default\">\n\t\t\t\t<div class=\"elementor-widget-container\">\n\t\t\t\t\t<h4 class=\"elementor-heading-title elementor-size-default\">Aqu\u00ed puedes obtener informaci\u00f3n sobre los estados del dispositivo.\n<br><br>Tipos de estatus:<br><br><b>Modo de seguimiento normal:<\/b> env\u00eda localizaciones seg\u00fan tus ajustes preferidos.<br><br>\n<b>Rastrea s\u00f3lo cuando est\u00e9s en movimiento:<\/b> las actualizaciones de ubicaci\u00f3n y las notificaciones estar\u00e1n desactivadas hasta que el dispositivo vuelva a estar en movimiento.<br><br>\n<b>Modo Tocar para localizar:<\/b> al pulsar el bot\u00f3n de actualizaci\u00f3n se muestra la ubicaci\u00f3n en directo. Prolongar las actualizaciones puede aumentar la duraci\u00f3n de la bater\u00eda hasta 6 veces. <br><br>\n<b>Modo de seguimiento en directo:<\/b> actualizaciones de la ubicaci\u00f3n en tiempo real durante 15 min. limitadas a 15 veces al d\u00eda, se maneja en manual mediante un bot\u00f3n en el mapa.<br><br>\n<b>Modo de ahorro de bater\u00eda:<\/b> las actualizaciones de ubicaci\u00f3n y las notificaciones se silencian hasta despu\u00e9s de la hora de despertador seleccionada.  <br><br>\n<b>Modo Bluetooth:<\/b> localizaci\u00f3n basada en los datos del smartphone cercano. Las actualizaciones se pausan hasta que se desactiva el modo. <br><br>\n<b>Actualizaci\u00f3n de software:<\/b> las actualizaciones de ubicaci\u00f3n y las notificaciones no estar\u00e1n disponibles hasta que el dispositivo finalice la actualizaci\u00f3n de software (FOTA).<br><br>\n<b>Apagado:<\/b> nuestros servidores no han podido ponerse en contacto con el dispositivo durante un largo periodo de tiempo, probablemente debido a que la bater\u00eda est\u00e1 baja.<br><br>\n<b>Conexi\u00f3n perdida -<\/b> el aparato ha perdido la conexi\u00f3n. Enciende el aparato y ponlo en el exterior a cielo abierto durante al menos 15 minutos para establecer la conexi\u00f3n. <br><br><\/h4>\t\t\t\t<\/div>\n\t\t\t\t<\/div>\n\t\t\t\t<div class=\"elementor-element elementor-element-24b3935 device_mobile_img elementor-widget elementor-widget-image\" data-id=\"24b3935\" data-element_type=\"widget\" data-e-type=\"widget\" data-widget_type=\"image.default\">\n\t\t\t\t<div class=\"elementor-widget-container\">\n\t\t\t\t\t\t\t\t\t\t\t\t\t\t\t<img loading=\"lazy\" decoding=\"async\" width=\"782\" height=\"1600\" src=\"https:\/\/guide.petloc8.com\/wp-content\/uploads\/2025\/06\/mode_my_pets_6.png\" class=\"attachment-full size-full wp-image-11484\" alt=\"\" srcset=\"https:\/\/guide.petloc8.com\/wp-content\/uploads\/2025\/06\/mode_my_pets_6.png 782w, https:\/\/guide.petloc8.com\/wp-content\/uploads\/2025\/06\/mode_my_pets_6-147x300.png 147w, https:\/\/guide.petloc8.com\/wp-content\/uploads\/2025\/06\/mode_my_pets_6-500x1024.png 500w, https:\/\/guide.petloc8.com\/wp-content\/uploads\/2025\/06\/mode_my_pets_6-768x1571.png 768w, https:\/\/guide.petloc8.com\/wp-content\/uploads\/2025\/06\/mode_my_pets_6-751x1536.png 751w\" sizes=\"(max-width: 782px) 100vw, 782px\" \/>\t\t\t\t\t\t\t\t\t\t\t\t\t\t\t<\/div>\n\t\t\t\t<\/div>\n\t\t<div class=\"elementor-element elementor-element-5016802 e-grid e-con-full prev_next  e-con e-child\" data-id=\"5016802\" data-element_type=\"container\" data-e-type=\"container\">\n\t\t\t\t<div class=\"elementor-element elementor-element-2629d33 elementor-align-start elementor-icon-list--layout-traditional elementor-list-item-link-full_width elementor-widget elementor-widget-icon-list\" data-id=\"2629d33\" data-element_type=\"widget\" data-e-type=\"widget\" data-widget_type=\"icon-list.default\">\n\t\t\t\t<div class=\"elementor-widget-container\">\n\t\t\t\t\t\t\t<ul class=\"elementor-icon-list-items\">\n\t\t\t\t\t\t\t<li class=\"elementor-icon-list-item\">\n\t\t\t\t\t\t\t\t\t\t\t<a href=\"https:\/\/guide.petloc8.com\/es\/guia-de-aplicacion\/mis-mascotas\/zona-geo-cercada\/\">\n\n\t\t\t\t\t\t\t\t\t\t\t\t<span class=\"elementor-icon-list-icon\">\n\t\t\t\t\t\t\t<svg xmlns=\"http:\/\/www.w3.org\/2000\/svg\" width=\"24\" height=\"24\" viewBox=\"0 0 24 24\" fill=\"none\"><path d=\"M10.707 17.7929C11.0975 18.1834 11.0975 18.8166 10.707 19.2071C10.3165 19.5976 9.68327 19.5976 9.29274 19.2071L3.49985 13.4142C2.7188 12.6332 2.7188 11.3668 3.49985 10.5858L9.29274 4.79289C9.68327 4.40237 10.3165 4.40237 10.707 4.79289C11.0975 5.18342 11.0975 5.81658 10.707 6.20711L5.91407 11H19.9999C20.5522 11 20.9999 11.4477 20.9999 12C20.9999 12.5523 20.5522 13 19.9999 13H5.91406L10.707 17.7929Z\" fill=\"#192035\"><\/path><\/svg>\t\t\t\t\t\t<\/span>\n\t\t\t\t\t\t\t\t\t\t<span class=\"elementor-icon-list-text\"><h3>Zona geo-cercada<\/h3><\/span>\n\t\t\t\t\t\t\t\t\t\t\t<\/a>\n\t\t\t\t\t\t\t\t\t<\/li>\n\t\t\t\t\t\t<\/ul>\n\t\t\t\t\t\t<\/div>\n\t\t\t\t<\/div>\n\t\t\t\t<div class=\"elementor-element elementor-element-cb73a57 elementor-align-start next-page elementor-icon-list--layout-traditional elementor-list-item-link-full_width elementor-widget elementor-widget-icon-list\" data-id=\"cb73a57\" data-element_type=\"widget\" data-e-type=\"widget\" data-widget_type=\"icon-list.default\">\n\t\t\t\t<div class=\"elementor-widget-container\">\n\t\t\t\t\t\t\t<ul class=\"elementor-icon-list-items\">\n\t\t\t\t\t\t\t<li class=\"elementor-icon-list-item\">\n\t\t\t\t\t\t\t\t\t\t\t<a href=\"https:\/\/guide.petloc8.com\/es\/guia-de-aplicacion\/mis-mascotas\/modo-de-ahorro-de-bateria\/\">\n\n\t\t\t\t\t\t\t\t\t\t\t\t<span class=\"elementor-icon-list-icon\">\n\t\t\t\t\t\t\t<svg xmlns=\"http:\/\/www.w3.org\/2000\/svg\" width=\"24\" height=\"24\" viewBox=\"0 0 24 24\" fill=\"none\"><path d=\"M13.2071 17.7929C12.8166 18.1834 12.8166 18.8166 13.2071 19.2071C13.5976 19.5976 14.2308 19.5976 14.6213 19.2071L20.4142 13.4142C21.1953 12.6332 21.1953 11.3668 20.4142 10.5858L14.6213 4.79289C14.2308 4.40237 13.5976 4.40237 13.2071 4.79289C12.8166 5.18342 12.8166 5.81658 13.2071 6.20711L18 11H3.91418C3.36188 11 2.91418 11.4477 2.91418 12C2.91418 12.5523 3.36188 13 3.91418 13H18L13.2071 17.7929Z\" fill=\"#192035\"><\/path><\/svg>\t\t\t\t\t\t<\/span>\n\t\t\t\t\t\t\t\t\t\t<span class=\"elementor-icon-list-text\"><h3>Mascota perdida<\/h3><\/span>\n\t\t\t\t\t\t\t\t\t\t\t<\/a>\n\t\t\t\t\t\t\t\t\t<\/li>\n\t\t\t\t\t\t<\/ul>\n\t\t\t\t\t\t<\/div>\n\t\t\t\t<\/div>\n\t\t\t\t<\/div>\n\t\t\t\t\t<\/div>\n\t\t\t\t<\/div>\n\t\t\t\t<\/div>\n\t\t","protected":false},"excerpt":{"rendered":"<p>Gu\u00eda \/ &nbsp;Gu\u00eda de aplicaci\u00f3n Mis mascotas Modos y estados Existen cuatro tipos de modo: Modo Bluetooth: consume hasta un 50% menos de energ\u00eda mientras est\u00e1s cerca de tu smartphone Modo de ahorro de bater\u00eda: act\u00edvalo para establecer el horario sin conexi\u00f3n. Seguimiento s\u00f3lo cuando hay movimiento: si el dispositivo no se mueve durante 60 [&hellip;]<\/p>\n","protected":false},"author":2,"featured_media":0,"parent":10259,"menu_order":0,"comment_status":"closed","ping_status":"closed","template":"","meta":{"_acf_changed":false,"footnotes":""},"class_list":["post-10240","page","type-page","status-publish","hentry"],"acf":[],"_links":{"self":[{"href":"https:\/\/guide.petloc8.com\/es\/wp-json\/wp\/v2\/pages\/10240","targetHints":{"allow":["GET"]}}],"collection":[{"href":"https:\/\/guide.petloc8.com\/es\/wp-json\/wp\/v2\/pages"}],"about":[{"href":"https:\/\/guide.petloc8.com\/es\/wp-json\/wp\/v2\/types\/page"}],"author":[{"embeddable":true,"href":"https:\/\/guide.petloc8.com\/es\/wp-json\/wp\/v2\/users\/2"}],"replies":[{"embeddable":true,"href":"https:\/\/guide.petloc8.com\/es\/wp-json\/wp\/v2\/comments?post=10240"}],"version-history":[{"count":3,"href":"https:\/\/guide.petloc8.com\/es\/wp-json\/wp\/v2\/pages\/10240\/revisions"}],"predecessor-version":[{"id":12523,"href":"https:\/\/guide.petloc8.com\/es\/wp-json\/wp\/v2\/pages\/10240\/revisions\/12523"}],"up":[{"embeddable":true,"href":"https:\/\/guide.petloc8.com\/es\/wp-json\/wp\/v2\/pages\/10259"}],"wp:attachment":[{"href":"https:\/\/guide.petloc8.com\/es\/wp-json\/wp\/v2\/media?parent=10240"}],"curies":[{"name":"wp","href":"https:\/\/api.w.org\/{rel}","templated":true}]}}