{"id":10177,"date":"2025-02-06T07:35:46","date_gmt":"2025-02-06T07:35:46","guid":{"rendered":"https:\/\/guide.petloc8.com\/mascota-perdida\/"},"modified":"2026-03-19T10:46:00","modified_gmt":"2026-03-19T10:46:00","slug":"mascota-perdida","status":"publish","type":"page","link":"https:\/\/guide.petloc8.com\/es\/guia-de-aplicacion\/mis-mascotas\/mascota-perdida\/","title":{"rendered":"Mascota perdida"},"content":{"rendered":"\t\t<div data-elementor-type=\"wp-page\" data-elementor-id=\"10177\" class=\"elementor elementor-10177 elementor-6060\">\n\t\t\t\t<div class=\"elementor-element elementor-element-f4a44b1 e-flex e-con-boxed e-con e-parent\" data-id=\"f4a44b1\" data-element_type=\"container\" data-e-type=\"container\">\n\t\t\t\t\t<div class=\"e-con-inner\">\n\t\t\t\t<div class=\"elementor-element elementor-element-ae23bb8 elementor-align-start prev_next  elementor-icon-list--layout-inline elementor-list-item-link-full_width elementor-widget elementor-widget-icon-list\" data-id=\"ae23bb8\" data-element_type=\"widget\" data-e-type=\"widget\" data-widget_type=\"icon-list.default\">\n\t\t\t\t<div class=\"elementor-widget-container\">\n\t\t\t\t\t\t\t<ul class=\"elementor-icon-list-items elementor-inline-items\">\n\t\t\t\t\t\t\t<li class=\"elementor-icon-list-item elementor-inline-item\">\n\t\t\t\t\t\t\t\t\t\t\t<a href=\"\/\">\n\n\t\t\t\t\t\t\t\t\t\t\t\t<span class=\"elementor-icon-list-icon\">\n\t\t\t\t\t\t\t<svg xmlns=\"http:\/\/www.w3.org\/2000\/svg\" width=\"24\" height=\"24\" viewBox=\"0 0 24 24\" fill=\"none\"><path d=\"M10.707 17.7929C11.0975 18.1834 11.0975 18.8166 10.707 19.2071C10.3165 19.5976 9.68327 19.5976 9.29274 19.2071L3.49985 13.4142C2.7188 12.6332 2.7188 11.3668 3.49985 10.5858L9.29274 4.79289C9.68327 4.40237 10.3165 4.40237 10.707 4.79289C11.0975 5.18342 11.0975 5.81658 10.707 6.20711L5.91407 11H19.9999C20.5522 11 20.9999 11.4477 20.9999 12C20.9999 12.5523 20.5522 13 19.9999 13H5.91406L10.707 17.7929Z\" fill=\"#192035\"><\/path><\/svg>\t\t\t\t\t\t<\/span>\n\t\t\t\t\t\t\t\t\t\t<span class=\"elementor-icon-list-text\"><h3>Gu\u00eda \/<\/h3><\/span>\n\t\t\t\t\t\t\t\t\t\t\t<\/a>\n\t\t\t\t\t\t\t\t\t<\/li>\n\t\t\t\t\t\t\t\t<li class=\"elementor-icon-list-item elementor-inline-item\">\n\t\t\t\t\t\t\t\t\t\t\t<a href=\"https:\/\/guide.petloc8.com\/es\/guia-de-aplicacion\/\">\n\n\t\t\t\t\t\t\t\t\t\t\t<span class=\"elementor-icon-list-text\"><h3>&nbsp;Gu\u00eda de aplicaci\u00f3n<\/h3><\/span>\n\t\t\t\t\t\t\t\t\t\t\t<\/a>\n\t\t\t\t\t\t\t\t\t<\/li>\n\t\t\t\t\t\t<\/ul>\n\t\t\t\t\t\t<\/div>\n\t\t\t\t<\/div>\n\t\t\t\t<div class=\"elementor-element elementor-element-4d8f775 elementor-position-left elementor-vertical-align-middle green-icon-box elementor-widget elementor-widget-image-box\" data-id=\"4d8f775\" data-element_type=\"widget\" data-e-type=\"widget\" data-widget_type=\"image-box.default\">\n\t\t\t\t<div class=\"elementor-widget-container\">\n\t\t\t\t\t<div class=\"elementor-image-box-wrapper\"><figure class=\"elementor-image-box-img\"><img decoding=\"async\" width=\"115\" height=\"120\" src=\"https:\/\/guide.petloc8.com\/wp-content\/uploads\/2024\/12\/4x-bar-icon-4.png\" class=\"attachment-full size-full wp-image-4608\" alt=\"\" \/><\/figure><div class=\"elementor-image-box-content\"><h1 class=\"elementor-image-box-title\">Mis mascotas<\/h1><\/div><\/div>\t\t\t\t<\/div>\n\t\t\t\t<\/div>\n\t\t\t\t<div class=\"elementor-element elementor-element-a6ca93e elementor-widget elementor-widget-heading\" data-id=\"a6ca93e\" data-element_type=\"widget\" data-e-type=\"widget\" data-widget_type=\"heading.default\">\n\t\t\t\t<div class=\"elementor-widget-container\">\n\t\t\t\t\t<h1 class=\"elementor-heading-title elementor-size-default\">Mascota perdida<\/h1>\t\t\t\t<\/div>\n\t\t\t\t<\/div>\n\t\t\t\t<div class=\"elementor-element elementor-element-8f47a23 elementor-widget elementor-widget-heading\" data-id=\"8f47a23\" data-element_type=\"widget\" data-e-type=\"widget\" data-widget_type=\"heading.default\">\n\t\t\t\t<div class=\"elementor-widget-container\">\n\t\t\t\t\t<h4 class=\"elementor-heading-title elementor-size-default\">Si has perdido a tu mascota, puedes notific\u00e1rselo a los usuarios. Para empezar, notifica a tus contactos de confianza dentro de tu Comunidad y env\u00edales un mensaje para que puedan abrir la aplicaci\u00f3n y ayudar en la misi\u00f3n de b\u00fasqueda y rescate.<br><br>Para crear una notificaci\u00f3n, en la pesta\u00f1a inferior toca el icono Mis mascotas.<\/h4>\t\t\t\t<\/div>\n\t\t\t\t<\/div>\n\t\t\t\t<div class=\"elementor-element elementor-element-e998b5e device_mobile_img elementor-widget elementor-widget-image\" data-id=\"e998b5e\" data-element_type=\"widget\" data-e-type=\"widget\" data-widget_type=\"image.default\">\n\t\t\t\t<div class=\"elementor-widget-container\">\n\t\t\t\t\t\t\t\t\t\t\t\t\t\t\t<img fetchpriority=\"high\" decoding=\"async\" width=\"782\" height=\"1600\" src=\"https:\/\/guide.petloc8.com\/wp-content\/uploads\/2025\/06\/losts_my_pets_1.png\" class=\"attachment-full size-full wp-image-11180\" alt=\"\" srcset=\"https:\/\/guide.petloc8.com\/wp-content\/uploads\/2025\/06\/losts_my_pets_1.png 782w, https:\/\/guide.petloc8.com\/wp-content\/uploads\/2025\/06\/losts_my_pets_1-147x300.png 147w, https:\/\/guide.petloc8.com\/wp-content\/uploads\/2025\/06\/losts_my_pets_1-500x1024.png 500w, https:\/\/guide.petloc8.com\/wp-content\/uploads\/2025\/06\/losts_my_pets_1-768x1571.png 768w, https:\/\/guide.petloc8.com\/wp-content\/uploads\/2025\/06\/losts_my_pets_1-751x1536.png 751w\" sizes=\"(max-width: 782px) 100vw, 782px\" \/>\t\t\t\t\t\t\t\t\t\t\t\t\t\t\t<\/div>\n\t\t\t\t<\/div>\n\t\t\t\t<div class=\"elementor-element elementor-element-94dba64 elementor-widget elementor-widget-heading\" data-id=\"94dba64\" data-element_type=\"widget\" data-e-type=\"widget\" data-widget_type=\"heading.default\">\n\t\t\t\t<div class=\"elementor-widget-container\">\n\t\t\t\t\t<h4 class=\"elementor-heading-title elementor-size-default\">Pulsa sobre el bot\u00f3n PERDER MASCOTA.<\/h4>\t\t\t\t<\/div>\n\t\t\t\t<\/div>\n\t\t\t\t<div class=\"elementor-element elementor-element-9f97d2f device_mobile_img elementor-widget elementor-widget-image\" data-id=\"9f97d2f\" data-element_type=\"widget\" data-e-type=\"widget\" data-widget_type=\"image.default\">\n\t\t\t\t<div class=\"elementor-widget-container\">\n\t\t\t\t\t\t\t\t\t\t\t\t\t\t\t<img decoding=\"async\" width=\"782\" height=\"1600\" src=\"https:\/\/guide.petloc8.com\/wp-content\/uploads\/2025\/06\/losts_my_pets_2.png\" class=\"attachment-full size-full wp-image-11186\" alt=\"\" srcset=\"https:\/\/guide.petloc8.com\/wp-content\/uploads\/2025\/06\/losts_my_pets_2.png 782w, https:\/\/guide.petloc8.com\/wp-content\/uploads\/2025\/06\/losts_my_pets_2-147x300.png 147w, https:\/\/guide.petloc8.com\/wp-content\/uploads\/2025\/06\/losts_my_pets_2-500x1024.png 500w, https:\/\/guide.petloc8.com\/wp-content\/uploads\/2025\/06\/losts_my_pets_2-768x1571.png 768w, https:\/\/guide.petloc8.com\/wp-content\/uploads\/2025\/06\/losts_my_pets_2-751x1536.png 751w\" sizes=\"(max-width: 782px) 100vw, 782px\" \/>\t\t\t\t\t\t\t\t\t\t\t\t\t\t\t<\/div>\n\t\t\t\t<\/div>\n\t\t\t\t<div class=\"elementor-element elementor-element-5dccb81 elementor-widget elementor-widget-heading\" data-id=\"5dccb81\" data-element_type=\"widget\" data-e-type=\"widget\" data-widget_type=\"heading.default\">\n\t\t\t\t<div class=\"elementor-widget-container\">\n\t\t\t\t\t<h4 class=\"elementor-heading-title elementor-size-default\">Elige el perfil de mascota perdida.<\/h4>\t\t\t\t<\/div>\n\t\t\t\t<\/div>\n\t\t\t\t<div class=\"elementor-element elementor-element-921ae82 device_mobile_img elementor-widget elementor-widget-image\" data-id=\"921ae82\" data-element_type=\"widget\" data-e-type=\"widget\" data-widget_type=\"image.default\">\n\t\t\t\t<div class=\"elementor-widget-container\">\n\t\t\t\t\t\t\t\t\t\t\t\t\t\t\t<img loading=\"lazy\" decoding=\"async\" width=\"782\" height=\"1600\" src=\"https:\/\/guide.petloc8.com\/wp-content\/uploads\/2025\/02\/lost-3.png\" class=\"attachment-full size-full wp-image-9543\" alt=\"\" srcset=\"https:\/\/guide.petloc8.com\/wp-content\/uploads\/2025\/02\/lost-3.png 782w, https:\/\/guide.petloc8.com\/wp-content\/uploads\/2025\/02\/lost-3-147x300.png 147w, https:\/\/guide.petloc8.com\/wp-content\/uploads\/2025\/02\/lost-3-500x1024.png 500w, https:\/\/guide.petloc8.com\/wp-content\/uploads\/2025\/02\/lost-3-768x1571.png 768w, https:\/\/guide.petloc8.com\/wp-content\/uploads\/2025\/02\/lost-3-751x1536.png 751w\" sizes=\"(max-width: 782px) 100vw, 782px\" \/>\t\t\t\t\t\t\t\t\t\t\t\t\t\t\t<\/div>\n\t\t\t\t<\/div>\n\t\t\t\t<div class=\"elementor-element elementor-element-6fe2ab8 elementor-widget elementor-widget-heading\" data-id=\"6fe2ab8\" data-element_type=\"widget\" data-e-type=\"widget\" data-widget_type=\"heading.default\">\n\t\t\t\t<div class=\"elementor-widget-container\">\n\t\t\t\t\t<h4 class=\"elementor-heading-title elementor-size-default\">O crea otro, si la mascota perdida a\u00fan no tiene perfil.<\/h4>\t\t\t\t<\/div>\n\t\t\t\t<\/div>\n\t\t\t\t<div class=\"elementor-element elementor-element-aa8ed77 device_mobile_img elementor-widget elementor-widget-image\" data-id=\"aa8ed77\" data-element_type=\"widget\" data-e-type=\"widget\" data-widget_type=\"image.default\">\n\t\t\t\t<div class=\"elementor-widget-container\">\n\t\t\t\t\t\t\t\t\t\t\t\t\t\t\t<img loading=\"lazy\" decoding=\"async\" width=\"782\" height=\"1600\" src=\"https:\/\/guide.petloc8.com\/wp-content\/uploads\/2025\/02\/lost-4.png\" class=\"attachment-full size-full wp-image-9548\" alt=\"\" srcset=\"https:\/\/guide.petloc8.com\/wp-content\/uploads\/2025\/02\/lost-4.png 782w, https:\/\/guide.petloc8.com\/wp-content\/uploads\/2025\/02\/lost-4-147x300.png 147w, https:\/\/guide.petloc8.com\/wp-content\/uploads\/2025\/02\/lost-4-500x1024.png 500w, https:\/\/guide.petloc8.com\/wp-content\/uploads\/2025\/02\/lost-4-768x1571.png 768w, https:\/\/guide.petloc8.com\/wp-content\/uploads\/2025\/02\/lost-4-751x1536.png 751w\" sizes=\"(max-width: 782px) 100vw, 782px\" \/>\t\t\t\t\t\t\t\t\t\t\t\t\t\t\t<\/div>\n\t\t\t\t<\/div>\n\t\t\t\t<div class=\"elementor-element elementor-element-31ab308 elementor-widget elementor-widget-heading\" data-id=\"31ab308\" data-element_type=\"widget\" data-e-type=\"widget\" data-widget_type=\"heading.default\">\n\t\t\t\t<div class=\"elementor-widget-container\">\n\t\t\t\t\t<h4 class=\"elementor-heading-title elementor-size-default\">Rellena los datos necesarios para crear la notificaci\u00f3n y pulsa el bot\u00f3n Notificar.<\/h4>\t\t\t\t<\/div>\n\t\t\t\t<\/div>\n\t\t\t\t<div class=\"elementor-element elementor-element-3ded4c3 device_mobile_img elementor-widget elementor-widget-image\" data-id=\"3ded4c3\" data-element_type=\"widget\" data-e-type=\"widget\" data-widget_type=\"image.default\">\n\t\t\t\t<div class=\"elementor-widget-container\">\n\t\t\t\t\t\t\t\t\t\t\t\t\t\t\t<img loading=\"lazy\" decoding=\"async\" width=\"782\" height=\"1600\" src=\"https:\/\/guide.petloc8.com\/wp-content\/uploads\/2025\/02\/lost-5.png\" class=\"attachment-full size-full wp-image-9553\" alt=\"\" srcset=\"https:\/\/guide.petloc8.com\/wp-content\/uploads\/2025\/02\/lost-5.png 782w, https:\/\/guide.petloc8.com\/wp-content\/uploads\/2025\/02\/lost-5-147x300.png 147w, https:\/\/guide.petloc8.com\/wp-content\/uploads\/2025\/02\/lost-5-500x1024.png 500w, https:\/\/guide.petloc8.com\/wp-content\/uploads\/2025\/02\/lost-5-768x1571.png 768w, https:\/\/guide.petloc8.com\/wp-content\/uploads\/2025\/02\/lost-5-751x1536.png 751w\" sizes=\"(max-width: 782px) 100vw, 782px\" \/>\t\t\t\t\t\t\t\t\t\t\t\t\t\t\t<\/div>\n\t\t\t\t<\/div>\n\t\t\t\t<div class=\"elementor-element elementor-element-1c9cf1d elementor-widget elementor-widget-heading\" data-id=\"1c9cf1d\" data-element_type=\"widget\" data-e-type=\"widget\" data-widget_type=\"heading.default\">\n\t\t\t\t<div class=\"elementor-widget-container\">\n\t\t\t\t\t<h4 class=\"elementor-heading-title elementor-size-default\">La aplicaci\u00f3n enviar\u00e1 una alerta a todas las personas de los Anillos Petloc8 que hayas seleccionado en 5 segundos.<\/h4>\t\t\t\t<\/div>\n\t\t\t\t<\/div>\n\t\t\t\t<div class=\"elementor-element elementor-element-98d69ec device_mobile_img elementor-widget elementor-widget-image\" data-id=\"98d69ec\" data-element_type=\"widget\" data-e-type=\"widget\" data-widget_type=\"image.default\">\n\t\t\t\t<div class=\"elementor-widget-container\">\n\t\t\t\t\t\t\t\t\t\t\t\t\t\t\t<img loading=\"lazy\" decoding=\"async\" width=\"782\" height=\"1600\" src=\"https:\/\/guide.petloc8.com\/wp-content\/uploads\/2025\/02\/lost-6.png\" class=\"attachment-full size-full wp-image-9558\" alt=\"\" srcset=\"https:\/\/guide.petloc8.com\/wp-content\/uploads\/2025\/02\/lost-6.png 782w, https:\/\/guide.petloc8.com\/wp-content\/uploads\/2025\/02\/lost-6-147x300.png 147w, https:\/\/guide.petloc8.com\/wp-content\/uploads\/2025\/02\/lost-6-500x1024.png 500w, https:\/\/guide.petloc8.com\/wp-content\/uploads\/2025\/02\/lost-6-768x1571.png 768w, https:\/\/guide.petloc8.com\/wp-content\/uploads\/2025\/02\/lost-6-751x1536.png 751w\" sizes=\"(max-width: 782px) 100vw, 782px\" \/>\t\t\t\t\t\t\t\t\t\t\t\t\t\t\t<\/div>\n\t\t\t\t<\/div>\n\t\t\t\t<div class=\"elementor-element elementor-element-b6bf565 elementor-widget elementor-widget-heading\" data-id=\"b6bf565\" data-element_type=\"widget\" data-e-type=\"widget\" data-widget_type=\"heading.default\">\n\t\t\t\t<div class=\"elementor-widget-container\">\n\t\t\t\t\t<h4 class=\"elementor-heading-title elementor-size-default\">En cuanto se env\u00ede la alerta, puedes comprobar la informaci\u00f3n sobre la b\u00fasqueda de tu mascota pulsando el bot\u00f3n Ir a informaci\u00f3n.<\/h4>\t\t\t\t<\/div>\n\t\t\t\t<\/div>\n\t\t\t\t<div class=\"elementor-element elementor-element-76d02cd device_mobile_img elementor-widget elementor-widget-image\" data-id=\"76d02cd\" data-element_type=\"widget\" data-e-type=\"widget\" data-widget_type=\"image.default\">\n\t\t\t\t<div class=\"elementor-widget-container\">\n\t\t\t\t\t\t\t\t\t\t\t\t\t\t\t<img loading=\"lazy\" decoding=\"async\" width=\"782\" height=\"1600\" src=\"https:\/\/guide.petloc8.com\/wp-content\/uploads\/2025\/02\/lost-7.png\" class=\"attachment-full size-full wp-image-9563\" alt=\"\" srcset=\"https:\/\/guide.petloc8.com\/wp-content\/uploads\/2025\/02\/lost-7.png 782w, https:\/\/guide.petloc8.com\/wp-content\/uploads\/2025\/02\/lost-7-147x300.png 147w, https:\/\/guide.petloc8.com\/wp-content\/uploads\/2025\/02\/lost-7-500x1024.png 500w, https:\/\/guide.petloc8.com\/wp-content\/uploads\/2025\/02\/lost-7-768x1571.png 768w, https:\/\/guide.petloc8.com\/wp-content\/uploads\/2025\/02\/lost-7-751x1536.png 751w\" sizes=\"(max-width: 782px) 100vw, 782px\" \/>\t\t\t\t\t\t\t\t\t\t\t\t\t\t\t<\/div>\n\t\t\t\t<\/div>\n\t\t\t\t<div class=\"elementor-element elementor-element-adca782 elementor-widget elementor-widget-heading\" data-id=\"adca782\" data-element_type=\"widget\" data-e-type=\"widget\" data-widget_type=\"heading.default\">\n\t\t\t\t<div class=\"elementor-widget-container\">\n\t\t\t\t\t<h4 class=\"elementor-heading-title elementor-size-default\">O pulsa el bot\u00f3n Cancelar para volver a la pantalla principal y.<\/h4>\t\t\t\t<\/div>\n\t\t\t\t<\/div>\n\t\t\t\t<div class=\"elementor-element elementor-element-aaedc60 device_mobile_img elementor-widget elementor-widget-image\" data-id=\"aaedc60\" data-element_type=\"widget\" data-e-type=\"widget\" data-widget_type=\"image.default\">\n\t\t\t\t<div class=\"elementor-widget-container\">\n\t\t\t\t\t\t\t\t\t\t\t\t\t\t\t<img loading=\"lazy\" decoding=\"async\" width=\"782\" height=\"1600\" src=\"https:\/\/guide.petloc8.com\/wp-content\/uploads\/2025\/02\/lost-8.png\" class=\"attachment-full size-full wp-image-9568\" alt=\"\" srcset=\"https:\/\/guide.petloc8.com\/wp-content\/uploads\/2025\/02\/lost-8.png 782w, https:\/\/guide.petloc8.com\/wp-content\/uploads\/2025\/02\/lost-8-147x300.png 147w, https:\/\/guide.petloc8.com\/wp-content\/uploads\/2025\/02\/lost-8-500x1024.png 500w, https:\/\/guide.petloc8.com\/wp-content\/uploads\/2025\/02\/lost-8-768x1571.png 768w, https:\/\/guide.petloc8.com\/wp-content\/uploads\/2025\/02\/lost-8-751x1536.png 751w\" sizes=\"(max-width: 782px) 100vw, 782px\" \/>\t\t\t\t\t\t\t\t\t\t\t\t\t\t\t<\/div>\n\t\t\t\t<\/div>\n\t\t\t\t<div class=\"elementor-element elementor-element-9288f51 elementor-widget elementor-widget-heading\" data-id=\"9288f51\" data-element_type=\"widget\" data-e-type=\"widget\" data-widget_type=\"heading.default\">\n\t\t\t\t<div class=\"elementor-widget-container\">\n\t\t\t\t\t<h4 class=\"elementor-heading-title elementor-size-default\">Puedes controlar el proceso de b\u00fasqueda m\u00e1s tarde, cuando lo necesites, desde la pantalla principal pulsando el bot\u00f3n INFO. O informa si tu mascota ha sido encontrada pulsando el bot\u00f3n Mascota encontrada. <\/h4>\t\t\t\t<\/div>\n\t\t\t\t<\/div>\n\t\t\t\t<div class=\"elementor-element elementor-element-38b5f14 device_mobile_img elementor-widget elementor-widget-image\" data-id=\"38b5f14\" data-element_type=\"widget\" data-e-type=\"widget\" data-widget_type=\"image.default\">\n\t\t\t\t<div class=\"elementor-widget-container\">\n\t\t\t\t\t\t\t\t\t\t\t\t\t\t\t<img loading=\"lazy\" decoding=\"async\" width=\"782\" height=\"1600\" src=\"https:\/\/guide.petloc8.com\/wp-content\/uploads\/2025\/02\/lost-9.png\" class=\"attachment-full size-full wp-image-9573\" alt=\"\" srcset=\"https:\/\/guide.petloc8.com\/wp-content\/uploads\/2025\/02\/lost-9.png 782w, https:\/\/guide.petloc8.com\/wp-content\/uploads\/2025\/02\/lost-9-147x300.png 147w, https:\/\/guide.petloc8.com\/wp-content\/uploads\/2025\/02\/lost-9-500x1024.png 500w, https:\/\/guide.petloc8.com\/wp-content\/uploads\/2025\/02\/lost-9-768x1571.png 768w, https:\/\/guide.petloc8.com\/wp-content\/uploads\/2025\/02\/lost-9-751x1536.png 751w\" sizes=\"(max-width: 782px) 100vw, 782px\" \/>\t\t\t\t\t\t\t\t\t\t\t\t\t\t\t<\/div>\n\t\t\t\t<\/div>\n\t\t\t\t<div class=\"elementor-element elementor-element-082feb1 device_mobile_img elementor-widget elementor-widget-image\" data-id=\"082feb1\" data-element_type=\"widget\" data-e-type=\"widget\" data-widget_type=\"image.default\">\n\t\t\t\t<div class=\"elementor-widget-container\">\n\t\t\t\t\t\t\t\t\t\t\t\t\t\t\t<img loading=\"lazy\" decoding=\"async\" width=\"782\" height=\"1600\" src=\"https:\/\/guide.petloc8.com\/wp-content\/uploads\/2025\/02\/lost-10.png\" class=\"attachment-full size-full wp-image-9578\" alt=\"\" srcset=\"https:\/\/guide.petloc8.com\/wp-content\/uploads\/2025\/02\/lost-10.png 782w, https:\/\/guide.petloc8.com\/wp-content\/uploads\/2025\/02\/lost-10-147x300.png 147w, https:\/\/guide.petloc8.com\/wp-content\/uploads\/2025\/02\/lost-10-500x1024.png 500w, https:\/\/guide.petloc8.com\/wp-content\/uploads\/2025\/02\/lost-10-768x1571.png 768w, https:\/\/guide.petloc8.com\/wp-content\/uploads\/2025\/02\/lost-10-751x1536.png 751w\" sizes=\"(max-width: 782px) 100vw, 782px\" \/>\t\t\t\t\t\t\t\t\t\t\t\t\t\t\t<\/div>\n\t\t\t\t<\/div>\n\t\t<div class=\"elementor-element elementor-element-5016802 e-grid e-con-full prev_next  e-con e-child\" data-id=\"5016802\" data-element_type=\"container\" data-e-type=\"container\">\n\t\t\t\t<div class=\"elementor-element elementor-element-2629d33 elementor-align-start elementor-icon-list--layout-traditional elementor-list-item-link-full_width elementor-widget elementor-widget-icon-list\" data-id=\"2629d33\" data-element_type=\"widget\" data-e-type=\"widget\" data-widget_type=\"icon-list.default\">\n\t\t\t\t<div class=\"elementor-widget-container\">\n\t\t\t\t\t\t\t<ul class=\"elementor-icon-list-items\">\n\t\t\t\t\t\t\t<li class=\"elementor-icon-list-item\">\n\t\t\t\t\t\t\t\t\t\t\t<a href=\"https:\/\/guide.petloc8.com\/es\/guia-de-aplicacion\/mis-mascotas\/bluetooth-y-permisos\/\">\n\n\t\t\t\t\t\t\t\t\t\t\t\t<span class=\"elementor-icon-list-icon\">\n\t\t\t\t\t\t\t<svg xmlns=\"http:\/\/www.w3.org\/2000\/svg\" width=\"24\" height=\"24\" viewBox=\"0 0 24 24\" fill=\"none\"><path d=\"M10.707 17.7929C11.0975 18.1834 11.0975 18.8166 10.707 19.2071C10.3165 19.5976 9.68327 19.5976 9.29274 19.2071L3.49985 13.4142C2.7188 12.6332 2.7188 11.3668 3.49985 10.5858L9.29274 4.79289C9.68327 4.40237 10.3165 4.40237 10.707 4.79289C11.0975 5.18342 11.0975 5.81658 10.707 6.20711L5.91407 11H19.9999C20.5522 11 20.9999 11.4477 20.9999 12C20.9999 12.5523 20.5522 13 19.9999 13H5.91406L10.707 17.7929Z\" fill=\"#192035\"><\/path><\/svg>\t\t\t\t\t\t<\/span>\n\t\t\t\t\t\t\t\t\t\t<span class=\"elementor-icon-list-text\"><h3>Modos y esta...<\/h3><\/span>\n\t\t\t\t\t\t\t\t\t\t\t<\/a>\n\t\t\t\t\t\t\t\t\t<\/li>\n\t\t\t\t\t\t<\/ul>\n\t\t\t\t\t\t<\/div>\n\t\t\t\t<\/div>\n\t\t\t\t<div class=\"elementor-element elementor-element-cb73a57 elementor-align-start next-page elementor-icon-list--layout-traditional elementor-list-item-link-full_width elementor-widget elementor-widget-icon-list\" data-id=\"cb73a57\" data-element_type=\"widget\" data-e-type=\"widget\" data-widget_type=\"icon-list.default\">\n\t\t\t\t<div class=\"elementor-widget-container\">\n\t\t\t\t\t\t\t<ul class=\"elementor-icon-list-items\">\n\t\t\t\t\t\t\t<li class=\"elementor-icon-list-item\">\n\t\t\t\t\t\t\t\t\t\t\t<a href=\"https:\/\/guide.petloc8.com\/es\/guia-de-aplicacion\/mis-mascotas\/actualizar-la-ubicacion-del-rastreador\/\">\n\n\t\t\t\t\t\t\t\t\t\t\t\t<span class=\"elementor-icon-list-icon\">\n\t\t\t\t\t\t\t<svg xmlns=\"http:\/\/www.w3.org\/2000\/svg\" width=\"24\" height=\"24\" viewBox=\"0 0 24 24\" fill=\"none\"><path d=\"M13.2071 17.7929C12.8166 18.1834 12.8166 18.8166 13.2071 19.2071C13.5976 19.5976 14.2308 19.5976 14.6213 19.2071L20.4142 13.4142C21.1953 12.6332 21.1953 11.3668 20.4142 10.5858L14.6213 4.79289C14.2308 4.40237 13.5976 4.40237 13.2071 4.79289C12.8166 5.18342 12.8166 5.81658 13.2071 6.20711L18 11H3.91418C3.36188 11 2.91418 11.4477 2.91418 12C2.91418 12.5523 3.36188 13 3.91418 13H18L13.2071 17.7929Z\" fill=\"#192035\"><\/path><\/svg>\t\t\t\t\t\t<\/span>\n\t\t\t\t\t\t\t\t\t\t<span class=\"elementor-icon-list-text\"><h3>Actualizar trac...<\/h3><\/span>\n\t\t\t\t\t\t\t\t\t\t\t<\/a>\n\t\t\t\t\t\t\t\t\t<\/li>\n\t\t\t\t\t\t<\/ul>\n\t\t\t\t\t\t<\/div>\n\t\t\t\t<\/div>\n\t\t\t\t<\/div>\n\t\t\t\t\t<\/div>\n\t\t\t\t<\/div>\n\t\t\t\t<\/div>\n\t\t","protected":false},"excerpt":{"rendered":"<p>Gu\u00eda \/ &nbsp;Gu\u00eda de aplicaci\u00f3n Mis mascotas Mascota perdida Si has perdido a tu mascota, puedes notific\u00e1rselo a los usuarios. Para empezar, notifica a tus contactos de confianza dentro de tu Comunidad y env\u00edales un mensaje para que puedan abrir la aplicaci\u00f3n y ayudar en la misi\u00f3n de b\u00fasqueda y rescate. Para crear una notificaci\u00f3n, [&hellip;]<\/p>\n","protected":false},"author":2,"featured_media":0,"parent":10259,"menu_order":0,"comment_status":"closed","ping_status":"closed","template":"","meta":{"_acf_changed":false,"footnotes":""},"class_list":["post-10177","page","type-page","status-publish","hentry"],"acf":[],"_links":{"self":[{"href":"https:\/\/guide.petloc8.com\/es\/wp-json\/wp\/v2\/pages\/10177","targetHints":{"allow":["GET"]}}],"collection":[{"href":"https:\/\/guide.petloc8.com\/es\/wp-json\/wp\/v2\/pages"}],"about":[{"href":"https:\/\/guide.petloc8.com\/es\/wp-json\/wp\/v2\/types\/page"}],"author":[{"embeddable":true,"href":"https:\/\/guide.petloc8.com\/es\/wp-json\/wp\/v2\/users\/2"}],"replies":[{"embeddable":true,"href":"https:\/\/guide.petloc8.com\/es\/wp-json\/wp\/v2\/comments?post=10177"}],"version-history":[{"count":3,"href":"https:\/\/guide.petloc8.com\/es\/wp-json\/wp\/v2\/pages\/10177\/revisions"}],"predecessor-version":[{"id":12499,"href":"https:\/\/guide.petloc8.com\/es\/wp-json\/wp\/v2\/pages\/10177\/revisions\/12499"}],"up":[{"embeddable":true,"href":"https:\/\/guide.petloc8.com\/es\/wp-json\/wp\/v2\/pages\/10259"}],"wp:attachment":[{"href":"https:\/\/guide.petloc8.com\/es\/wp-json\/wp\/v2\/media?parent=10177"}],"curies":[{"name":"wp","href":"https:\/\/api.w.org\/{rel}","templated":true}]}}