{"id":12507,"date":"2025-09-05T11:51:31","date_gmt":"2025-09-05T11:51:31","guid":{"rendered":"https:\/\/guide.petloc8.com\/leitfaden-zur-anwendung\/meine-haustiere\/batteriesparmodus\/"},"modified":"2026-03-19T10:47:46","modified_gmt":"2026-03-19T10:47:46","slug":"batteriesparmodus","status":"publish","type":"page","link":"https:\/\/guide.petloc8.com\/de\/leitfaden-zur-anwendung\/meine-haustiere\/batteriesparmodus\/","title":{"rendered":"Batteriesparmodus"},"content":{"rendered":"\t\t<div data-elementor-type=\"wp-page\" data-elementor-id=\"12507\" class=\"elementor elementor-12507 elementor-11531\">\n\t\t\t\t<div class=\"elementor-element elementor-element-f4a44b1 e-flex e-con-boxed e-con e-parent\" data-id=\"f4a44b1\" data-element_type=\"container\" data-e-type=\"container\">\n\t\t\t\t\t<div class=\"e-con-inner\">\n\t\t\t\t<div class=\"elementor-element elementor-element-ae23bb8 elementor-align-start prev_next  elementor-icon-list--layout-inline elementor-list-item-link-full_width elementor-widget elementor-widget-icon-list\" data-id=\"ae23bb8\" data-element_type=\"widget\" data-e-type=\"widget\" data-widget_type=\"icon-list.default\">\n\t\t\t\t<div class=\"elementor-widget-container\">\n\t\t\t\t\t\t\t<ul class=\"elementor-icon-list-items elementor-inline-items\">\n\t\t\t\t\t\t\t<li class=\"elementor-icon-list-item elementor-inline-item\">\n\t\t\t\t\t\t\t\t\t\t\t<a href=\"\/\">\n\n\t\t\t\t\t\t\t\t\t\t\t\t<span class=\"elementor-icon-list-icon\">\n\t\t\t\t\t\t\t<svg xmlns=\"http:\/\/www.w3.org\/2000\/svg\" width=\"24\" height=\"24\" viewBox=\"0 0 24 24\" fill=\"none\"><path d=\"M10.707 17.7929C11.0975 18.1834 11.0975 18.8166 10.707 19.2071C10.3165 19.5976 9.68327 19.5976 9.29274 19.2071L3.49985 13.4142C2.7188 12.6332 2.7188 11.3668 3.49985 10.5858L9.29274 4.79289C9.68327 4.40237 10.3165 4.40237 10.707 4.79289C11.0975 5.18342 11.0975 5.81658 10.707 6.20711L5.91407 11H19.9999C20.5522 11 20.9999 11.4477 20.9999 12C20.9999 12.5523 20.5522 13 19.9999 13H5.91406L10.707 17.7929Z\" fill=\"#192035\"><\/path><\/svg>\t\t\t\t\t\t<\/span>\n\t\t\t\t\t\t\t\t\t\t<span class=\"elementor-icon-list-text\"><h3>Leitfaden \/<\/h3><\/span>\n\t\t\t\t\t\t\t\t\t\t\t<\/a>\n\t\t\t\t\t\t\t\t\t<\/li>\n\t\t\t\t\t\t\t\t<li class=\"elementor-icon-list-item elementor-inline-item\">\n\t\t\t\t\t\t\t\t\t\t\t<a href=\"https:\/\/guide.petloc8.com\/de\/leitfaden-zur-anwendung\/\">\n\n\t\t\t\t\t\t\t\t\t\t\t<span class=\"elementor-icon-list-text\"><h3>&nbsp;Leitfaden zur Anwendung<\/h3><\/span>\n\t\t\t\t\t\t\t\t\t\t\t<\/a>\n\t\t\t\t\t\t\t\t\t<\/li>\n\t\t\t\t\t\t<\/ul>\n\t\t\t\t\t\t<\/div>\n\t\t\t\t<\/div>\n\t\t\t\t<div class=\"elementor-element elementor-element-4d8f775 elementor-position-left elementor-vertical-align-middle green-icon-box elementor-widget elementor-widget-image-box\" data-id=\"4d8f775\" data-element_type=\"widget\" data-e-type=\"widget\" data-widget_type=\"image-box.default\">\n\t\t\t\t<div class=\"elementor-widget-container\">\n\t\t\t\t\t<div class=\"elementor-image-box-wrapper\"><figure class=\"elementor-image-box-img\"><img decoding=\"async\" width=\"115\" height=\"120\" src=\"https:\/\/guide.petloc8.com\/wp-content\/uploads\/2024\/12\/4x-bar-icon-4.png\" class=\"attachment-full size-full wp-image-4608\" alt=\"\" \/><\/figure><div class=\"elementor-image-box-content\"><h1 class=\"elementor-image-box-title\">Meine Haustiere<\/h1><\/div><\/div>\t\t\t\t<\/div>\n\t\t\t\t<\/div>\n\t\t\t\t<div class=\"elementor-element elementor-element-a6ca93e elementor-widget elementor-widget-heading\" data-id=\"a6ca93e\" data-element_type=\"widget\" data-e-type=\"widget\" data-widget_type=\"heading.default\">\n\t\t\t\t<div class=\"elementor-widget-container\">\n\t\t\t\t\t<h1 class=\"elementor-heading-title elementor-size-default\">Batteriesparmodus\n<\/h1>\t\t\t\t<\/div>\n\t\t\t\t<\/div>\n\t\t\t\t<div class=\"elementor-element elementor-element-5ac8ed0 elementor-widget elementor-widget-heading\" data-id=\"5ac8ed0\" data-element_type=\"widget\" data-e-type=\"widget\" data-widget_type=\"heading.default\">\n\t\t\t\t<div class=\"elementor-widget-container\">\n\t\t\t\t\t<h2 class=\"elementor-heading-title elementor-size-default\">Automatische intelligente Wi-Fi-Erkennung<\/h2>\t\t\t\t<\/div>\n\t\t\t\t<\/div>\n\t\t\t\t<div class=\"elementor-element elementor-element-8f47a23 elementor-widget elementor-widget-heading\" data-id=\"8f47a23\" data-element_type=\"widget\" data-e-type=\"widget\" data-widget_type=\"heading.default\">\n\t\t\t\t<div class=\"elementor-widget-container\">\n\t\t\t\t\t<h4 class=\"elementor-heading-title elementor-size-default\">Um den Akku zu schonen, werden die Standortaktualisierungen unterbrochen, wenn sich das Ger\u00e4t zu Hause im Wi-Fi befindet, und automatisch fortgesetzt, wenn es sich au\u00dferhalb des Empfangsbereichs befindet.Das Ger\u00e4t blinkt blau, wenn der Modus eingeschaltet ist.<br><br>\n<b>Automatische intelligente Wi-Fi-Erkennung.<\/b><br>Wenn Ihr Tracker aufgeladen wird, h\u00e4lt er Ausschau nach Ihrem heimischen Wi-Fi. Sobald er das Wi-Fi erkennt, geht er automatisch in den Schlummermodus, wenn Ihr Haustier zu Hause ist, und unterbricht die Standortaktualisierungen und Benachrichtigungen. Sobald sich Ihr Haustier au\u00dferhalb der Reichweite befindet, wacht er auf und nimmt die Ortung wieder auf.  <br><br>\n<b>V\u00f6llig automatisch.<\/b><br>Der Batteriesparmodus ist super intelligent. Er schaltet sich automatisch ab, wenn der Tracker Ihr Heim-WLAN verl\u00e4sst oder mit dem Aufladen beginnt. Wenn Sie ihn fr\u00fcher stoppen m\u00fcssen, schlie\u00dfen Sie ihn einfach an.  <br><br>\n\n<b>Wenn der Tracker hinzugef\u00fcgt wird, arbeitet er standardm\u00e4\u00dfig im Batteriesparmodus, um die Batterielebensdauer des Trackers zu verl\u00e4ngern.<\/b>\nSie k\u00f6nnen diesen Modus bei Bedarf in den Einstellungen des Trackers jederzeit selbst steuern.<br><br>\n<b>Batteriesparmodus ein-\/ausschalten<\/b><br><br>\nUm den Modus ein- oder auszuschalten, tippen Sie auf der unteren Registerkarte auf das Symbol Meine Haustiere.\n<\/h4>\t\t\t\t<\/div>\n\t\t\t\t<\/div>\n\t\t\t\t<div class=\"elementor-element elementor-element-e998b5e device_mobile_img elementor-widget elementor-widget-image\" data-id=\"e998b5e\" data-element_type=\"widget\" data-e-type=\"widget\" data-widget_type=\"image.default\">\n\t\t\t\t<div class=\"elementor-widget-container\">\n\t\t\t\t\t\t\t\t\t\t\t\t\t\t\t<img fetchpriority=\"high\" decoding=\"async\" width=\"782\" height=\"1600\" src=\"https:\/\/guide.petloc8.com\/wp-content\/uploads\/2025\/09\/phone.png\" class=\"attachment-full size-full wp-image-11549\" alt=\"\" srcset=\"https:\/\/guide.petloc8.com\/wp-content\/uploads\/2025\/09\/phone.png 782w, https:\/\/guide.petloc8.com\/wp-content\/uploads\/2025\/09\/phone-147x300.png 147w, https:\/\/guide.petloc8.com\/wp-content\/uploads\/2025\/09\/phone-500x1024.png 500w, https:\/\/guide.petloc8.com\/wp-content\/uploads\/2025\/09\/phone-768x1571.png 768w, https:\/\/guide.petloc8.com\/wp-content\/uploads\/2025\/09\/phone-751x1536.png 751w\" sizes=\"(max-width: 782px) 100vw, 782px\" \/>\t\t\t\t\t\t\t\t\t\t\t\t\t\t\t<\/div>\n\t\t\t\t<\/div>\n\t\t\t\t<div class=\"elementor-element elementor-element-94dba64 elementor-widget elementor-widget-heading\" data-id=\"94dba64\" data-element_type=\"widget\" data-e-type=\"widget\" data-widget_type=\"heading.default\">\n\t\t\t\t<div class=\"elementor-widget-container\">\n\t\t\t\t\t<h4 class=\"elementor-heading-title elementor-size-default\">Tippen Sie auf den Tracker, dessen Modus Sie wechseln m\u00f6chten.<\/h4>\t\t\t\t<\/div>\n\t\t\t\t<\/div>\n\t\t\t\t<div class=\"elementor-element elementor-element-9f97d2f device_mobile_img elementor-widget elementor-widget-image\" data-id=\"9f97d2f\" data-element_type=\"widget\" data-e-type=\"widget\" data-widget_type=\"image.default\">\n\t\t\t\t<div class=\"elementor-widget-container\">\n\t\t\t\t\t\t\t\t\t\t\t\t\t\t\t<img decoding=\"async\" width=\"782\" height=\"1600\" src=\"https:\/\/guide.petloc8.com\/wp-content\/uploads\/2025\/09\/phone-1.png\" class=\"attachment-full size-full wp-image-11558\" alt=\"\" srcset=\"https:\/\/guide.petloc8.com\/wp-content\/uploads\/2025\/09\/phone-1.png 782w, https:\/\/guide.petloc8.com\/wp-content\/uploads\/2025\/09\/phone-1-147x300.png 147w, https:\/\/guide.petloc8.com\/wp-content\/uploads\/2025\/09\/phone-1-500x1024.png 500w, https:\/\/guide.petloc8.com\/wp-content\/uploads\/2025\/09\/phone-1-768x1571.png 768w, https:\/\/guide.petloc8.com\/wp-content\/uploads\/2025\/09\/phone-1-751x1536.png 751w\" sizes=\"(max-width: 782px) 100vw, 782px\" \/>\t\t\t\t\t\t\t\t\t\t\t\t\t\t\t<\/div>\n\t\t\t\t<\/div>\n\t\t\t\t<div class=\"elementor-element elementor-element-5dccb81 elementor-widget elementor-widget-heading\" data-id=\"5dccb81\" data-element_type=\"widget\" data-e-type=\"widget\" data-widget_type=\"heading.default\">\n\t\t\t\t<div class=\"elementor-widget-container\">\n\t\t\t\t\t<h4 class=\"elementor-heading-title elementor-size-default\">Tippen Sie auf das Pfeilsymbol im aktuellen Ger\u00e4testatus.<\/h4>\t\t\t\t<\/div>\n\t\t\t\t<\/div>\n\t\t\t\t<div class=\"elementor-element elementor-element-921ae82 device_mobile_img elementor-widget elementor-widget-image\" data-id=\"921ae82\" data-element_type=\"widget\" data-e-type=\"widget\" data-widget_type=\"image.default\">\n\t\t\t\t<div class=\"elementor-widget-container\">\n\t\t\t\t\t\t\t\t\t\t\t\t\t\t\t<img loading=\"lazy\" decoding=\"async\" width=\"782\" height=\"1600\" src=\"https:\/\/guide.petloc8.com\/wp-content\/uploads\/2025\/02\/modes-3.png\" class=\"attachment-full size-full wp-image-9440\" alt=\"\" srcset=\"https:\/\/guide.petloc8.com\/wp-content\/uploads\/2025\/02\/modes-3.png 782w, https:\/\/guide.petloc8.com\/wp-content\/uploads\/2025\/02\/modes-3-147x300.png 147w, https:\/\/guide.petloc8.com\/wp-content\/uploads\/2025\/02\/modes-3-500x1024.png 500w, https:\/\/guide.petloc8.com\/wp-content\/uploads\/2025\/02\/modes-3-768x1571.png 768w, https:\/\/guide.petloc8.com\/wp-content\/uploads\/2025\/02\/modes-3-751x1536.png 751w\" sizes=\"(max-width: 782px) 100vw, 782px\" \/>\t\t\t\t\t\t\t\t\t\t\t\t\t\t\t<\/div>\n\t\t\t\t<\/div>\n\t\t\t\t<div class=\"elementor-element elementor-element-6fe2ab8 elementor-widget elementor-widget-heading\" data-id=\"6fe2ab8\" data-element_type=\"widget\" data-e-type=\"widget\" data-widget_type=\"heading.default\">\n\t\t\t\t<div class=\"elementor-widget-container\">\n\t\t\t\t\t<h4 class=\"elementor-heading-title elementor-size-default\">Schalten Sie den Kippschalter neben dem Batteriesparmodus auf ON\/OFF.<\/h4>\t\t\t\t<\/div>\n\t\t\t\t<\/div>\n\t\t\t\t<div class=\"elementor-element elementor-element-aa8ed77 device_mobile_img elementor-widget elementor-widget-image\" data-id=\"aa8ed77\" data-element_type=\"widget\" data-e-type=\"widget\" data-widget_type=\"image.default\">\n\t\t\t\t<div class=\"elementor-widget-container\">\n\t\t\t\t\t\t\t\t\t\t\t\t\t\t\t<img loading=\"lazy\" decoding=\"async\" width=\"782\" height=\"1600\" src=\"https:\/\/guide.petloc8.com\/wp-content\/uploads\/2025\/06\/mode_my_pets_4.png\" class=\"attachment-full size-full wp-image-11469\" alt=\"\" srcset=\"https:\/\/guide.petloc8.com\/wp-content\/uploads\/2025\/06\/mode_my_pets_4.png 782w, https:\/\/guide.petloc8.com\/wp-content\/uploads\/2025\/06\/mode_my_pets_4-147x300.png 147w, https:\/\/guide.petloc8.com\/wp-content\/uploads\/2025\/06\/mode_my_pets_4-500x1024.png 500w, https:\/\/guide.petloc8.com\/wp-content\/uploads\/2025\/06\/mode_my_pets_4-768x1571.png 768w, https:\/\/guide.petloc8.com\/wp-content\/uploads\/2025\/06\/mode_my_pets_4-751x1536.png 751w\" sizes=\"(max-width: 782px) 100vw, 782px\" \/>\t\t\t\t\t\t\t\t\t\t\t\t\t\t\t<\/div>\n\t\t\t\t<\/div>\n\t\t\t\t<div class=\"elementor-element elementor-element-31ab308 elementor-widget elementor-widget-heading\" data-id=\"31ab308\" data-element_type=\"widget\" data-e-type=\"widget\" data-widget_type=\"heading.default\">\n\t\t\t\t<div class=\"elementor-widget-container\">\n\t\t\t\t\t<h4 class=\"elementor-heading-title elementor-size-default\"><b>Einschalten.<\/b><br><br>Nachdem Sie den Modus eingeschaltet haben, lassen Sie Ihren Tracker aufladen. W\u00e4hrend des Ladevorgangs wird er 5 Minuten lang nach Ihrer Wi-Fi-Verbindung Ausschau halten. Wenn er dieselbe Wi-Fi-Verbindung zweimal findet, merkt er sie sich f\u00fcr den Batteriesparmodus.  <br><br>\nJetzt werden Benachrichtigungen und Standortaktualisierungen angehalten und der Akku wird geschont, sobald sich das Ger\u00e4t Ihres Haustiers in Reichweite Ihres \u00fcblichen Wi-Fi befindet. Wenn es den Wi-Fi-Bereich verl\u00e4sst, ist alles wieder normal. <br><br>\nWenn der Batteriesparmodus eingeschaltet ist, finden Sie das Symbol \u26a1\ufe0fis auf dem Tracker-Pin.\nAu\u00dferdem k\u00f6nnen Sie anhand des Symbols neben der letzten Aktualisierungszeit oben auf dem Tracker-Pin sehen, welche Art von Verbindung der Tracker gerade verwendet.<br><\/h4>\t\t\t\t<\/div>\n\t\t\t\t<\/div>\n\t\t\t\t<div class=\"elementor-element elementor-element-3ded4c3 device_mobile_img elementor-widget elementor-widget-image\" data-id=\"3ded4c3\" data-element_type=\"widget\" data-e-type=\"widget\" data-widget_type=\"image.default\">\n\t\t\t\t<div class=\"elementor-widget-container\">\n\t\t\t\t\t\t\t\t\t\t\t\t\t\t\t<img loading=\"lazy\" decoding=\"async\" width=\"782\" height=\"1600\" src=\"https:\/\/guide.petloc8.com\/wp-content\/uploads\/2025\/09\/phone-2.png\" class=\"attachment-full size-full wp-image-11569\" alt=\"\" srcset=\"https:\/\/guide.petloc8.com\/wp-content\/uploads\/2025\/09\/phone-2.png 782w, https:\/\/guide.petloc8.com\/wp-content\/uploads\/2025\/09\/phone-2-147x300.png 147w, https:\/\/guide.petloc8.com\/wp-content\/uploads\/2025\/09\/phone-2-500x1024.png 500w, https:\/\/guide.petloc8.com\/wp-content\/uploads\/2025\/09\/phone-2-768x1571.png 768w, https:\/\/guide.petloc8.com\/wp-content\/uploads\/2025\/09\/phone-2-751x1536.png 751w\" sizes=\"(max-width: 782px) 100vw, 782px\" \/>\t\t\t\t\t\t\t\t\t\t\t\t\t\t\t<\/div>\n\t\t\t\t<\/div>\n\t\t\t\t<div class=\"elementor-element elementor-element-41a79a7 elementor-widget elementor-widget-heading\" data-id=\"41a79a7\" data-element_type=\"widget\" data-e-type=\"widget\" data-widget_type=\"heading.default\">\n\t\t\t\t<div class=\"elementor-widget-container\">\n\t\t\t\t\t<h4 class=\"elementor-heading-title elementor-size-default\"><b>Ausschalten.<\/b><br><br>\n<b>Bitte beachten Sie, dass sich der Batteriesparmodus automatisch ausschaltet, wenn sich das Ger\u00e4t au\u00dferhalb der Reichweite des heimischen Wi-Fi-Netzwerks befindet oder aufgeladen wird. Um ihn sofort zu deaktivieren, schlie\u00dfen Sie das Ger\u00e4t einfach an das Ladeger\u00e4t an. <\/b><br><br>\nUm den Batteriesparmodus manuell zu deaktivieren, m\u00fcssen Sie das Ger\u00e4t Ihres Haustiers aufwecken. Halten Sie die Einschalttaste etwa 4 Sekunden lang gedr\u00fcckt, bis Sie ein kurzes Aufblitzen des gr\u00fcnen Lichts sehen. <br><\/h4>\t\t\t\t<\/div>\n\t\t\t\t<\/div>\n\t\t<div class=\"elementor-element elementor-element-5016802 e-grid e-con-full prev_next  e-con e-child\" data-id=\"5016802\" data-element_type=\"container\" data-e-type=\"container\">\n\t\t\t\t<div class=\"elementor-element elementor-element-2629d33 elementor-align-start elementor-icon-list--layout-traditional elementor-list-item-link-full_width elementor-widget elementor-widget-icon-list\" data-id=\"2629d33\" data-element_type=\"widget\" data-e-type=\"widget\" data-widget_type=\"icon-list.default\">\n\t\t\t\t<div class=\"elementor-widget-container\">\n\t\t\t\t\t\t\t<ul class=\"elementor-icon-list-items\">\n\t\t\t\t\t\t\t<li class=\"elementor-icon-list-item\">\n\t\t\t\t\t\t\t\t\t\t\t<a href=\"https:\/\/guide.petloc8.com\/de\/leitfaden-zur-anwendung\/meine-haustiere\/modus-status\/\">\n\n\t\t\t\t\t\t\t\t\t\t\t\t<span class=\"elementor-icon-list-icon\">\n\t\t\t\t\t\t\t<svg xmlns=\"http:\/\/www.w3.org\/2000\/svg\" width=\"24\" height=\"24\" viewBox=\"0 0 24 24\" fill=\"none\"><path d=\"M10.707 17.7929C11.0975 18.1834 11.0975 18.8166 10.707 19.2071C10.3165 19.5976 9.68327 19.5976 9.29274 19.2071L3.49985 13.4142C2.7188 12.6332 2.7188 11.3668 3.49985 10.5858L9.29274 4.79289C9.68327 4.40237 10.3165 4.40237 10.707 4.79289C11.0975 5.18342 11.0975 5.81658 10.707 6.20711L5.91407 11H19.9999C20.5522 11 20.9999 11.4477 20.9999 12C20.9999 12.5523 20.5522 13 19.9999 13H5.91406L10.707 17.7929Z\" fill=\"#192035\"><\/path><\/svg>\t\t\t\t\t\t<\/span>\n\t\t\t\t\t\t\t\t\t\t<span class=\"elementor-icon-list-text\"><h3>Modi &amp; Sta...<\/h3><\/span>\n\t\t\t\t\t\t\t\t\t\t\t<\/a>\n\t\t\t\t\t\t\t\t\t<\/li>\n\t\t\t\t\t\t<\/ul>\n\t\t\t\t\t\t<\/div>\n\t\t\t\t<\/div>\n\t\t\t\t<div class=\"elementor-element elementor-element-cb73a57 elementor-align-start next-page elementor-icon-list--layout-traditional elementor-list-item-link-full_width elementor-widget elementor-widget-icon-list\" data-id=\"cb73a57\" data-element_type=\"widget\" data-e-type=\"widget\" data-widget_type=\"icon-list.default\">\n\t\t\t\t<div class=\"elementor-widget-container\">\n\t\t\t\t\t\t\t<ul class=\"elementor-icon-list-items\">\n\t\t\t\t\t\t\t<li class=\"elementor-icon-list-item\">\n\t\t\t\t\t\t\t\t\t\t\t<a href=\"https:\/\/guide.petloc8.com\/de\/leitfaden-zur-anwendung\/meine-haustiere\/bluetooth-und-berechtigungen\/\">\n\n\t\t\t\t\t\t\t\t\t\t\t\t<span class=\"elementor-icon-list-icon\">\n\t\t\t\t\t\t\t<svg xmlns=\"http:\/\/www.w3.org\/2000\/svg\" width=\"24\" height=\"24\" viewBox=\"0 0 24 24\" fill=\"none\"><path d=\"M13.2071 17.7929C12.8166 18.1834 12.8166 18.8166 13.2071 19.2071C13.5976 19.5976 14.2308 19.5976 14.6213 19.2071L20.4142 13.4142C21.1953 12.6332 21.1953 11.3668 20.4142 10.5858L14.6213 4.79289C14.2308 4.40237 13.5976 4.40237 13.2071 4.79289C12.8166 5.18342 12.8166 5.81658 13.2071 6.20711L18 11H3.91418C3.36188 11 2.91418 11.4477 2.91418 12C2.91418 12.5523 3.36188 13 3.91418 13H18L13.2071 17.7929Z\" fill=\"#192035\"><\/path><\/svg>\t\t\t\t\t\t<\/span>\n\t\t\t\t\t\t\t\t\t\t<span class=\"elementor-icon-list-text\"><h3>Bluetooth und...<\/h3><\/span>\n\t\t\t\t\t\t\t\t\t\t\t<\/a>\n\t\t\t\t\t\t\t\t\t<\/li>\n\t\t\t\t\t\t<\/ul>\n\t\t\t\t\t\t<\/div>\n\t\t\t\t<\/div>\n\t\t\t\t<\/div>\n\t\t\t\t\t<\/div>\n\t\t\t\t<\/div>\n\t\t\t\t<\/div>\n\t\t","protected":false},"excerpt":{"rendered":"<p>Leitfaden \/ &nbsp;Leitfaden zur Anwendung Meine Haustiere Batteriesparmodus Automatische intelligente Wi-Fi-Erkennung Um den Akku zu schonen, werden die Standortaktualisierungen unterbrochen, wenn sich das Ger\u00e4t zu Hause im Wi-Fi befindet, und automatisch fortgesetzt, wenn es sich au\u00dferhalb des Empfangsbereichs befindet.Das Ger\u00e4t blinkt blau, wenn der Modus eingeschaltet ist. Automatische intelligente Wi-Fi-Erkennung.Wenn Ihr Tracker aufgeladen wird, h\u00e4lt [&hellip;]<\/p>\n","protected":false},"author":2,"featured_media":0,"parent":10264,"menu_order":0,"comment_status":"closed","ping_status":"closed","template":"","meta":{"_acf_changed":false,"footnotes":""},"class_list":["post-12507","page","type-page","status-publish","hentry"],"acf":[],"_links":{"self":[{"href":"https:\/\/guide.petloc8.com\/de\/wp-json\/wp\/v2\/pages\/12507","targetHints":{"allow":["GET"]}}],"collection":[{"href":"https:\/\/guide.petloc8.com\/de\/wp-json\/wp\/v2\/pages"}],"about":[{"href":"https:\/\/guide.petloc8.com\/de\/wp-json\/wp\/v2\/types\/page"}],"author":[{"embeddable":true,"href":"https:\/\/guide.petloc8.com\/de\/wp-json\/wp\/v2\/users\/2"}],"replies":[{"embeddable":true,"href":"https:\/\/guide.petloc8.com\/de\/wp-json\/wp\/v2\/comments?post=12507"}],"version-history":[{"count":1,"href":"https:\/\/guide.petloc8.com\/de\/wp-json\/wp\/v2\/pages\/12507\/revisions"}],"predecessor-version":[{"id":12509,"href":"https:\/\/guide.petloc8.com\/de\/wp-json\/wp\/v2\/pages\/12507\/revisions\/12509"}],"up":[{"embeddable":true,"href":"https:\/\/guide.petloc8.com\/de\/wp-json\/wp\/v2\/pages\/10264"}],"wp:attachment":[{"href":"https:\/\/guide.petloc8.com\/de\/wp-json\/wp\/v2\/media?parent=12507"}],"curies":[{"name":"wp","href":"https:\/\/api.w.org\/{rel}","templated":true}]}}